{"id":1403,"date":"2025-01-19T13:45:06","date_gmt":"2025-01-19T12:45:06","guid":{"rendered":"https:\/\/www.feuerwehr-altenglan.de\/?page_id=1403"},"modified":"2025-01-20T08:35:49","modified_gmt":"2025-01-20T07:35:49","slug":"einsaetze-2007","status":"publish","type":"page","link":"https:\/\/www.feuerwehr-altenglan.de\/?page_id=1403","title":{"rendered":"Eins\u00e4tze 2007"},"content":{"rendered":"<p>[et_pb_section fb_built=&#8220;1&#8243; _builder_version=&#8220;4.27.4&#8243; _module_preset=&#8220;default&#8220; custom_padding=&#8220;0px||0px||true|false&#8220; global_colors_info=&#8220;{}&#8220;][et_pb_row column_structure=&#8220;2_3,1_3&#8243; _builder_version=&#8220;4.27.4&#8243; _module_preset=&#8220;default&#8220; width=&#8220;100%&#8220; max_width=&#8220;80%&#8220; module_alignment=&#8220;center&#8220; global_colors_info=&#8220;{}&#8220;][et_pb_column type=&#8220;2_3&#8243; _builder_version=&#8220;4.27.4&#8243; _module_preset=&#8220;default&#8220; background_color=&#8220;#f5f5f5&#8243; custom_padding=&#8220;3em|3em|3em|3em|true|true&#8220; border_radii=&#8220;on|15px|15px|15px|15px&#8220; global_colors_info=&#8220;{}&#8220;][et_pb_heading title=&#8220;Eins\u00e4tze im Jahr 2007&#8243; _builder_version=&#8220;4.27.4&#8243; _module_preset=&#8220;default&#8220; title_text_align=&#8220;center&#8220; global_colors_info=&#8220;{}&#8220;][\/et_pb_heading][et_pb_text module_class=&#8220;einsaetze-tabelle&#8220; _builder_version=&#8220;4.27.4&#8243; _module_preset=&#8220;default&#8220; text_font_size=&#8220;16px&#8220; hover_enabled=&#8220;0&#8243; global_colors_info=&#8220;{}&#8220; sticky_enabled=&#8220;0&#8243;]<\/p>\n<table>\n<thead>\n<tr>\n<th>Lfd. Nr.<\/th>\n<th>Datum<\/th>\n<th>Einsatz<\/th>\n<\/tr>\n<\/thead>\n<tbody>\n<tr>\n<td width=\"136\">\n<p>95<\/p>\n<\/td>\n<td width=\"127\">\n<p>30.12.2007<\/p>\n<\/td>\n<td width=\"237\">\n<p>\u00d6l auf Gew\u00e4sser<\/p>\n<\/td>\n<\/tr>\n<tr>\n<td width=\"136\">\n<p>94<\/p>\n<\/td>\n<td width=\"127\">\n<p>28.12.2007<\/p>\n<\/td>\n<td width=\"237\">\n<p>VU PKW gegen Baum<\/p>\n<\/td>\n<\/tr>\n<tr>\n<td width=\"136\">\n<p>93<\/p>\n<\/td>\n<td width=\"127\">\n<p>28.12.2007<\/p>\n<\/td>\n<td width=\"237\">\n<p>Fundtier in Neunkirchen<\/p>\n<\/td>\n<\/tr>\n<tr>\n<td width=\"136\">\n<p>92<\/p>\n<\/td>\n<td width=\"127\">\n<p>21.12.2007<\/p>\n<\/td>\n<td width=\"237\">\n<p>VU PKW Friedelhausen -&gt; Altenglan<\/p>\n<\/td>\n<\/tr>\n<tr>\n<td width=\"136\">\n<p>91<\/p>\n<\/td>\n<td width=\"127\">\n<p>19.12.2007<\/p>\n<\/td>\n<td width=\"237\">\n<p>Kaminbrand in Horschbach<\/p>\n<\/td>\n<\/tr>\n<tr>\n<td width=\"136\">\n<p>90<\/p>\n<\/td>\n<td width=\"127\">\n<p>17.12.2007<\/p>\n<\/td>\n<td width=\"237\">\n<p>Kaminbrand in Rammelsbach<\/p>\n<\/td>\n<\/tr>\n<tr>\n<td width=\"136\">\n<p>89<\/p>\n<\/td>\n<td width=\"127\">\n<p>15.12.2007<\/p>\n<\/td>\n<td width=\"237\">\n<p>Baum \u00fcber Fahrbahn in M\u00fchlbach<\/p>\n<\/td>\n<\/tr>\n<tr>\n<td width=\"136\">\n<p>88<\/p>\n<\/td>\n<td width=\"127\">\n<p>10.12.2007<\/p>\n<\/td>\n<td width=\"237\">\n<p>Fundtier in Altenglan<\/p>\n<\/td>\n<\/tr>\n<tr>\n<td width=\"136\">\n<p>87<\/p>\n<\/td>\n<td width=\"127\">\n<p>07.12.2007<\/p>\n<\/td>\n<td width=\"237\">\n<p>Kaminbrand in Altenglan<\/p>\n<\/td>\n<\/tr>\n<tr>\n<td width=\"136\">\n<p>86<\/p>\n<\/td>\n<td width=\"127\">\n<p>26.11.2007<\/p>\n<\/td>\n<td width=\"237\">\n<p>Wasserschaden Sparkasse Altenglan<\/p>\n<\/td>\n<\/tr>\n<tr>\n<td width=\"136\">\n<p>85<\/p>\n<\/td>\n<td width=\"127\">\n<p>24.11.2007<\/p>\n<\/td>\n<td width=\"237\">\n<p>Starke Rauchentwicklung<\/p>\n<\/td>\n<\/tr>\n<tr>\n<td width=\"136\">\n<p>84<\/p>\n<\/td>\n<td width=\"127\">\n<p>24.11.2007<\/p>\n<\/td>\n<td width=\"237\">\n<p>Kaminbrand in Erdesbach<\/p>\n<\/td>\n<\/tr>\n<tr>\n<td width=\"136\">\n<p>83<\/p>\n<\/td>\n<td width=\"127\">\n<p>20.11.2007<\/p>\n<\/td>\n<td width=\"237\">\n<p>Kaminbrand in Erdesbach<\/p>\n<\/td>\n<\/tr>\n<tr>\n<td width=\"136\">\n<p>82<\/p>\n<\/td>\n<td width=\"127\">\n<p>14.11.2007<\/p>\n<\/td>\n<td width=\"237\">\n<p>Wasserrohrbruch<\/p>\n<\/td>\n<\/tr>\n<tr>\n<td width=\"136\">\n<p>81<\/p>\n<\/td>\n<td width=\"127\">\n<p>09.11.2007<\/p>\n<\/td>\n<td width=\"237\">\n<p>Rauchentwicklung aus unbewohntem Haus<\/p>\n<\/td>\n<\/tr>\n<tr>\n<td width=\"136\">\n<p>80<\/p>\n<\/td>\n<td width=\"127\">\n<p>09.11.2007<\/p>\n<\/td>\n<td width=\"237\">\n<p>Sicherheitswache<\/p>\n<\/td>\n<\/tr>\n<tr>\n<td width=\"136\">\n<p>79<\/p>\n<\/td>\n<td width=\"127\">\n<p>09.11.2007<\/p>\n<\/td>\n<td width=\"237\">\n<p>Sicherheitswache<\/p>\n<\/td>\n<\/tr>\n<tr>\n<td width=\"136\">\n<p>78<\/p>\n<\/td>\n<td width=\"127\">\n<p>07.11.2007<\/p>\n<\/td>\n<td width=\"237\">\n<p>\u00d6lspur<\/p>\n<\/td>\n<\/tr>\n<tr>\n<td width=\"136\">\n<p>77<\/p>\n<\/td>\n<td width=\"127\">\n<p>03.11.2007<\/p>\n<\/td>\n<td width=\"237\">\n<p>Hilfeleistung f\u00fcr den Rettungsdienst<\/p>\n<\/td>\n<\/tr>\n<tr>\n<td width=\"136\">\n<p>76<\/p>\n<\/td>\n<td width=\"127\">\n<p>01.11.2007<\/p>\n<\/td>\n<td width=\"237\">\n<p>Brand Wochenendhaus\/Holzschuppen<\/p>\n<\/td>\n<\/tr>\n<tr>\n<td width=\"136\">\n<p>75<\/p>\n<\/td>\n<td width=\"127\">\n<p>31.10.2007<\/p>\n<\/td>\n<td width=\"237\">\n<p>Kaminbrand<\/p>\n<\/td>\n<\/tr>\n<tr>\n<td width=\"136\">\n<p>74<\/p>\n<\/td>\n<td width=\"127\">\n<p>28.10.2007<\/p>\n<\/td>\n<td width=\"237\">\n<p>Rettungsdraisine in Niederalben<\/p>\n<\/td>\n<\/tr>\n<tr>\n<td width=\"136\">\n<p>73<\/p>\n<\/td>\n<td width=\"127\">\n<p>02.10.2007<\/p>\n<\/td>\n<td width=\"237\">\n<p>BMA Rammelsbach (ehm. TDK)<\/p>\n<\/td>\n<\/tr>\n<tr>\n<td width=\"136\">\n<p>72<\/p>\n<\/td>\n<td width=\"127\">\n<p>26.09.2007<\/p>\n<\/td>\n<td width=\"237\">\n<p>Hornissennest in Patersbach<\/p>\n<\/td>\n<\/tr>\n<tr>\n<td width=\"136\">\n<p>71<\/p>\n<\/td>\n<td width=\"127\">\n<p>24.09.2007<\/p>\n<\/td>\n<td width=\"237\">\n<p>Rauchentwicklung in Rutsweiler<\/p>\n<\/td>\n<\/tr>\n<tr>\n<td width=\"136\">\n<p>70<\/p>\n<\/td>\n<td width=\"127\">\n<p>22.09.2007<\/p>\n<\/td>\n<td width=\"237\">\n<p>Brandnachschau brennende Hecken<\/p>\n<\/td>\n<\/tr>\n<tr>\n<td width=\"136\">\n<p>69<\/p>\n<\/td>\n<td width=\"127\">\n<p>19.09.2007<\/p>\n<\/td>\n<td width=\"237\">\n<p>Kaminbrand in Bedesbach<\/p>\n<\/td>\n<\/tr>\n<tr>\n<td width=\"136\">\n<p>68<\/p>\n<\/td>\n<td width=\"127\">\n<p>04.09.2007<\/p>\n<\/td>\n<td width=\"237\">\n<p>\u00d6lspur in Oberstaufenbach Getriebeschaden<\/p>\n<\/td>\n<\/tr>\n<tr>\n<td width=\"136\">\n<p>67<\/p>\n<\/td>\n<td width=\"127\">\n<p>01.09.2007<\/p>\n<\/td>\n<td width=\"237\">\n<p>Fahrzeugbrand Fa. Sch\u00e4fer<\/p>\n<\/td>\n<\/tr>\n<tr>\n<td width=\"136\">\n<p>66<\/p>\n<\/td>\n<td width=\"127\">\n<p>31.08.2007<\/p>\n<\/td>\n<td width=\"237\">\n<p>M\u00fclleimerbrand\/Palettenbrand ESBE-Altenglan<\/p>\n<\/td>\n<\/tr>\n<tr>\n<td width=\"136\">\n<p>65<\/p>\n<\/td>\n<td width=\"127\">\n<p>27.08.2007<\/p>\n<\/td>\n<td width=\"237\">\n<p>VU 3 PKW auf der B420 Patersbach -&gt; Erdesbach<\/p>\n<\/td>\n<\/tr>\n<tr>\n<td width=\"136\">\n<p>64<\/p>\n<\/td>\n<td width=\"127\">\n<p>27.08.2007<\/p>\n<\/td>\n<td width=\"237\">\n<p>Heuballenbrand in Rathsweiler<\/p>\n<\/td>\n<\/tr>\n<tr>\n<td width=\"136\">\n<p>63<\/p>\n<\/td>\n<td width=\"127\">\n<p>26.08.2007<\/p>\n<\/td>\n<td width=\"237\">\n<p>B\u00f6\u00dfwilliger Alarm BMA<\/p>\n<\/td>\n<\/tr>\n<tr>\n<td width=\"136\">\n<p>62<\/p>\n<\/td>\n<td width=\"127\">\n<p>23.08.2007<\/p>\n<\/td>\n<td width=\"237\">\n<p>Zimmerbrand in der Feldstra\u00dfe in Ulmet<\/p>\n<\/td>\n<\/tr>\n<tr>\n<td width=\"136\">\n<p>61<\/p>\n<\/td>\n<td width=\"127\">\n<p>22.08.2007<\/p>\n<\/td>\n<td width=\"237\">\n<p>\u00d6lspur Oberstaufenbach<\/p>\n<\/td>\n<\/tr>\n<tr>\n<td width=\"136\">\n<p>60<\/p>\n<\/td>\n<td width=\"127\">\n<p>17.08.2007<\/p>\n<\/td>\n<td width=\"237\">\n<p>Fl\u00e4chenbrand in Bosenbach<\/p>\n<\/td>\n<\/tr>\n<tr>\n<td width=\"136\">\n<p>59<\/p>\n<\/td>\n<td width=\"127\">\n<p>15.08.2007<\/p>\n<\/td>\n<td width=\"237\">\n<p>Fahrbahn- und Geb\u00e4udereinigung in Horschbach<\/p>\n<\/td>\n<\/tr>\n<tr>\n<td width=\"136\">\n<p>58<\/p>\n<\/td>\n<td width=\"127\">\n<p>09.08.2007<\/p>\n<\/td>\n<td width=\"237\">\n<p>Ausgelaufene Betriebsstoffe: Altenglan -&gt; Streitm\u00fchle<\/p>\n<\/td>\n<\/tr>\n<tr>\n<td width=\"136\">\n<p>57<\/p>\n<\/td>\n<td width=\"127\">\n<p>04.08.2007<\/p>\n<\/td>\n<td width=\"237\">\n<p>Ausgelaufene Fassadenfarbe auf Fahrbahn in Niederalben<\/p>\n<\/td>\n<\/tr>\n<tr>\n<td width=\"136\">\n<p>56<\/p>\n<\/td>\n<td width=\"127\">\n<p>01.08.2007<\/p>\n<\/td>\n<td width=\"237\">\n<p>VU in Altenglan: Motorrad\/Auto<\/p>\n<\/td>\n<\/tr>\n<tr>\n<td width=\"136\">\n<p>55<\/p>\n<\/td>\n<td width=\"127\">\n<p>16.07.2007<\/p>\n<\/td>\n<td width=\"237\">\n<p>Nachl\u00f6scharbeiten: Brand Gitterboxen hinter ESBE-Markt Altenglan<\/p>\n<\/td>\n<\/tr>\n<tr>\n<td width=\"136\">\n<p>54<\/p>\n<\/td>\n<td width=\"127\">\n<p>16.07.2007<\/p>\n<\/td>\n<td width=\"237\">\n<p>Brand Gitterboxen hinter ESBE-Markt Altenglan<\/p>\n<\/td>\n<\/tr>\n<tr>\n<td width=\"136\">\n<p>53<\/p>\n<\/td>\n<td width=\"127\">\n<p>07.07.2007<\/p>\n<\/td>\n<td width=\"237\">\n<p>\u00d6lspur B420 Ratsweiler -&gt; Erdesbach<\/p>\n<\/td>\n<\/tr>\n<tr>\n<td width=\"136\">\n<p>52<\/p>\n<\/td>\n<td width=\"127\">\n<p>01.07.2007<\/p>\n<\/td>\n<td width=\"237\">\n<p>VU Motorradunfall Rathsweiler -&gt; Baumholder<\/p>\n<\/td>\n<\/tr>\n<tr>\n<td width=\"136\">\n<p>51<\/p>\n<\/td>\n<td width=\"127\">\n<p>23.06.2007<\/p>\n<\/td>\n<td width=\"237\">\n<p>Baum auf Fahrbahn<\/p>\n<\/td>\n<\/tr>\n<tr>\n<td width=\"136\">\n<p>50<\/p>\n<\/td>\n<td width=\"127\">\n<p>23.06.2007<\/p>\n<\/td>\n<td width=\"237\">\n<p>Baum auf Fahrbahn<\/p>\n<\/td>\n<\/tr>\n<tr>\n<td width=\"136\">\n<p>49<\/p>\n<\/td>\n<td width=\"127\">\n<p>11.06.2007<\/p>\n<\/td>\n<td width=\"237\">\n<p>BMA Potzberghotel F\u00f6ckelberg<\/p>\n<\/td>\n<\/tr>\n<tr>\n<td width=\"136\">\n<p>48<\/p>\n<\/td>\n<td width=\"127\">\n<p>09.06.2007<\/p>\n<\/td>\n<td width=\"237\">\n<p>Baum \u00fcber Stra\u00dfe<\/p>\n<\/td>\n<\/tr>\n<tr>\n<td width=\"136\">\n<p>47<\/p>\n<\/td>\n<td width=\"127\">\n<p>26.05.2007<\/p>\n<\/td>\n<td width=\"237\">\n<p>Sicherung der Zelte beim Kreisjugendfeuerwehr-Zeltlager<\/p>\n<\/td>\n<\/tr>\n<tr>\n<td width=\"136\">\n<p>46<\/p>\n<\/td>\n<td width=\"127\">\n<p>26.05.2007<\/p>\n<\/td>\n<td width=\"237\">\n<p>BMA Potzberghotel F\u00f6ckelberg<\/p>\n<\/td>\n<\/tr>\n<tr>\n<td width=\"136\">\n<p>45<\/p>\n<\/td>\n<td width=\"127\">\n<p>20.05.2007<\/p>\n<\/td>\n<td width=\"237\">\n<p>Chlorgasaustritt Schwimmbad Altenglan<\/p>\n<\/td>\n<\/tr>\n<tr>\n<td width=\"136\">\n<p>44<\/p>\n<\/td>\n<td width=\"127\">\n<p>17.05.2007<\/p>\n<\/td>\n<td width=\"237\">\n<p>VU Bosenbach -&gt; Friedelhausen<\/p>\n<\/td>\n<\/tr>\n<tr>\n<td width=\"136\">\n<p>43<\/p>\n<\/td>\n<td width=\"127\">\n<p>13.05.2007<\/p>\n<\/td>\n<td width=\"237\">\n<p>Insekten in Friedelhausen<\/p>\n<\/td>\n<\/tr>\n<tr>\n<td width=\"136\">\n<p>42<\/p>\n<\/td>\n<td width=\"127\">\n<p>13.05.2007<\/p>\n<\/td>\n<td width=\"237\">\n<p>VU Motorad auslaufende Betriebsstoffe K34 M\u00fchlbach -&gt; F\u00f6ckelberg<\/p>\n<\/td>\n<\/tr>\n<tr>\n<td width=\"136\">\n<p>41<\/p>\n<\/td>\n<td width=\"127\">\n<p>10.05.2007<\/p>\n<\/td>\n<td width=\"237\">\n<p>\u00d6lspur in Ruthsweiler B423<\/p>\n<\/td>\n<\/tr>\n<tr>\n<td width=\"136\">\n<p>40<\/p>\n<\/td>\n<td width=\"127\">\n<p>10.05.2007<\/p>\n<\/td>\n<td width=\"237\">\n<p>Baum \u00fcber Fahrbahn L368 Altenglan -&gt; Welchweiler<\/p>\n<\/td>\n<\/tr>\n<tr>\n<td width=\"136\">\n<p>39<\/p>\n<\/td>\n<td width=\"127\">\n<p>10.05.2007<\/p>\n<\/td>\n<td width=\"237\">\n<p>Baum \u00fcber Fahrbahn K22 Ulmet Felschbachhof<\/p>\n<\/td>\n<\/tr>\n<tr>\n<td width=\"136\">\n<p>38<\/p>\n<\/td>\n<td width=\"127\">\n<p>05.05.2007<\/p>\n<\/td>\n<td width=\"237\">\n<p>Tierrettung &#8211; Entlaufene Esel in Erdesbach B420 Ortsmitte<\/p>\n<\/td>\n<\/tr>\n<tr>\n<td width=\"136\">\n<p>37<\/p>\n<\/td>\n<td width=\"127\">\n<p>01.05.2007<\/p>\n<\/td>\n<td width=\"237\">\n<p>Beseitigung einer Gefahrenstelle am Dorfweiher Rammelsbach<\/p>\n<\/td>\n<\/tr>\n<tr>\n<td width=\"136\">\n<p>36<\/p>\n<\/td>\n<td width=\"127\">\n<p>30.04.2007<\/p>\n<\/td>\n<td width=\"237\">\n<p>VU PKW L169 Niederalben -&gt; Baumholder<\/p>\n<\/td>\n<\/tr>\n<tr>\n<td width=\"136\">\n<p>35<\/p>\n<\/td>\n<td width=\"127\">\n<p>12.04.2007<\/p>\n<\/td>\n<td width=\"237\">\n<p>Rauchentwicklung in Rammelsbach, Am Gimbsberg im Wald -&gt; Remigiusberg<\/p>\n<\/td>\n<\/tr>\n<tr>\n<td width=\"136\">\n<p>34<\/p>\n<\/td>\n<td width=\"127\">\n<p>09.04.2007<\/p>\n<\/td>\n<td width=\"237\">\n<p>VU, Motorradunfall: Altenglan -&gt; Friedelhausen \u00d6lspur<\/p>\n<\/td>\n<\/tr>\n<tr>\n<td width=\"136\">\n<p>33<\/p>\n<\/td>\n<td width=\"127\">\n<p>07.04.2007<\/p>\n<\/td>\n<td width=\"237\">\n<p>Notfallt\u00fcr\u00f6ffnung in Rammelsbach<\/p>\n<\/td>\n<\/tr>\n<tr>\n<td width=\"136\">\n<p>32<\/p>\n<\/td>\n<td width=\"127\">\n<p>05.04.2007<\/p>\n<\/td>\n<td width=\"237\">\n<p>PKW-Brand in Altenglan, Schulstra\u00dfe<\/p>\n<\/td>\n<\/tr>\n<tr>\n<td width=\"136\">\n<p>31<\/p>\n<\/td>\n<td width=\"127\">\n<p>31.03.2007<\/p>\n<\/td>\n<td width=\"237\">\n<p>VU, Motorradunfall L368 Welchweiler -&gt; Altenglan<\/p>\n<\/td>\n<\/tr>\n<tr>\n<td width=\"136\">\n<p>30<\/p>\n<\/td>\n<td width=\"127\">\n<p>22.03.2007<\/p>\n<\/td>\n<td width=\"237\">\n<p>\u00d6lspur in Altenglan<\/p>\n<\/td>\n<\/tr>\n<tr>\n<td width=\"136\">\n<p>29<\/p>\n<\/td>\n<td width=\"127\">\n<p>17.03.2007<\/p>\n<\/td>\n<td width=\"237\">\n<p>Angebaggerte Gasleitung in Bedesbach<\/p>\n<\/td>\n<\/tr>\n<tr>\n<td width=\"136\">\n<p>28<\/p>\n<\/td>\n<td width=\"127\">\n<p>15.03.2007<\/p>\n<\/td>\n<td width=\"237\">\n<p>Personensuche in Erdesbach<\/p>\n<\/td>\n<\/tr>\n<tr>\n<td width=\"136\">\n<p>27<\/p>\n<\/td>\n<td width=\"127\">\n<p>01.03.2007<\/p>\n<\/td>\n<td width=\"237\">\n<p>Verkehrsunfall mit 2 PKW&#8217;s in Friedelhausen<\/p>\n<\/td>\n<\/tr>\n<tr>\n<td width=\"136\">\n<p>26<\/p>\n<\/td>\n<td width=\"127\">\n<p>01.03.2007<\/p>\n<\/td>\n<td width=\"237\">\n<p>Umgest\u00fcrzter Baum, Niederalben -&gt; Baumholder<\/p>\n<\/td>\n<\/tr>\n<tr>\n<td width=\"136\">\n<p>25<\/p>\n<\/td>\n<td width=\"127\">\n<p>23.02.2007<\/p>\n<\/td>\n<td width=\"237\">\n<p>Verkehrsunfall zwischen Motorrad und PKW in Erdesbach<\/p>\n<\/td>\n<\/tr>\n<tr>\n<td width=\"136\">\n<p>24<\/p>\n<\/td>\n<td width=\"127\">\n<p>15.02.2007<\/p>\n<\/td>\n<td width=\"237\">\n<p>Rauchentwicklung aus Wald Friedelhausen -&gt; Niederstaufenbach<\/p>\n<\/td>\n<\/tr>\n<tr>\n<td width=\"136\">\n<p>23<\/p>\n<\/td>\n<td width=\"127\">\n<p>12.02.2007<\/p>\n<\/td>\n<td width=\"237\">\n<p>Brennende Person, brennendes Auto in Welchweiler (Windrad)<\/p>\n<\/td>\n<\/tr>\n<tr>\n<td width=\"136\">\n<p>22<\/p>\n<\/td>\n<td width=\"127\">\n<p>06.02.2007<\/p>\n<\/td>\n<td width=\"237\">\n<p>\u00d6lspur in Altenglan: Gartenstra\u00dfe, Bildstock, In den R\u00f6dwiesen<\/p>\n<\/td>\n<\/tr>\n<tr>\n<td width=\"136\">\n<p>21<\/p>\n<\/td>\n<td width=\"127\">\n<p>06.02.2007<\/p>\n<\/td>\n<td width=\"237\">\n<p>\u00d6lspur in Altenglan B423<\/p>\n<\/td>\n<\/tr>\n<tr>\n<td width=\"136\">\n<p>20<\/p>\n<\/td>\n<td width=\"127\">\n<p>02.02.2007<\/p>\n<\/td>\n<td width=\"237\">\n<p>Verkehrsunfall auslaufende Betriebsstoffe, 2 leichtverletzte Personen B420 -&gt; Erdesbach<\/p>\n<\/td>\n<\/tr>\n<tr>\n<td width=\"136\">\n<p>19<\/p>\n<\/td>\n<td width=\"127\">\n<p>22.01.2007<\/p>\n<\/td>\n<td width=\"237\">\n<p>Wassernotstand Altenglan Kuselerstra\u00df\u00dfe Keller ausgepumpt<\/p>\n<\/td>\n<\/tr>\n<tr>\n<td width=\"136\">\n<p>18<\/p>\n<\/td>\n<td width=\"127\">\n<p>22.01.2007<\/p>\n<\/td>\n<td width=\"237\">\n<p>Gefahrgut Auslaufende Fl\u00fcssigkeit &gt; 50L M\u00fchlbach<\/p>\n<\/td>\n<\/tr>\n<tr>\n<td width=\"136\">\n<p>17<\/p>\n<\/td>\n<td width=\"127\">\n<p>18.01.2007<\/p>\n<\/td>\n<td width=\"237\">\n<p>Wassernotstand Eigentumssicherung mit Sands\u00e4cke Altenglan<\/p>\n<\/td>\n<\/tr>\n<tr>\n<td width=\"136\">\n<p>16<\/p>\n<\/td>\n<td width=\"127\">\n<p>18.01.2007<\/p>\n<\/td>\n<td width=\"237\">\n<p>Baum auf Stra\u00dfe Altenglan Friedhof<\/p>\n<\/td>\n<\/tr>\n<tr>\n<td width=\"136\">\n<p>15<\/p>\n<\/td>\n<td width=\"127\">\n<p>18.01.2007<\/p>\n<\/td>\n<td width=\"237\">\n<p>Absicherung Hochwasser Kindergarten Rammelsbach<\/p>\n<\/td>\n<\/tr>\n<tr>\n<td width=\"136\">\n<p>14<\/p>\n<\/td>\n<td width=\"127\">\n<p>18.01.2007<\/p>\n<\/td>\n<td width=\"237\">\n<p>Ziegeln auf Stra\u00dfe Altenglan Glanstra\u00dfe<\/p>\n<\/td>\n<\/tr>\n<tr>\n<td width=\"136\">\n<p>13<\/p>\n<\/td>\n<td width=\"127\">\n<p>18.01.2007<\/p>\n<\/td>\n<td width=\"237\">\n<p>Baum auf Fahrbahn F\u00f6ckelberg -&gt; M\u00fchlbach<\/p>\n<\/td>\n<\/tr>\n<tr>\n<td width=\"136\">\n<p>12<\/p>\n<\/td>\n<td width=\"127\">\n<p>18.01.2007<\/p>\n<\/td>\n<td width=\"237\">\n<p>Baum in Stromleitung Altenglan Penny-Markt \/ Fly-In<\/p>\n<\/td>\n<\/tr>\n<tr>\n<td width=\"136\">\n<p>11<\/p>\n<\/td>\n<td width=\"127\">\n<p>18.01.2007<\/p>\n<\/td>\n<td width=\"237\">\n<p>Eigentumssicherung mit Sands\u00e4cken Erdesbacher M\u00fchle<\/p>\n<\/td>\n<\/tr>\n<tr>\n<td width=\"136\">\n<p>10<\/p>\n<\/td>\n<td width=\"127\">\n<p>18.01.2007<\/p>\n<\/td>\n<td width=\"237\">\n<p>Hochwasser &#8211; Alarmstufe 1 Info Einsatzpersonal, F\u00fchrungsdienst<\/p>\n<\/td>\n<\/tr>\n<tr>\n<td width=\"136\">\n<p>09<\/p>\n<\/td>\n<td width=\"127\">\n<p>18.01.2007<\/p>\n<\/td>\n<td width=\"237\">\n<p>Ziegeln auf Fahrbahn Altenglan Hollstra\u00dfe<\/p>\n<\/td>\n<\/tr>\n<tr>\n<td width=\"136\">\n<p>08<\/p>\n<\/td>\n<td width=\"127\">\n<p>18.01.2007<\/p>\n<\/td>\n<td width=\"237\">\n<p>Baum \u00fcber Fahrbahn Horschbach -&gt; Gumbsweiler<\/p>\n<\/td>\n<\/tr>\n<tr>\n<td width=\"136\">\n<p>07<\/p>\n<\/td>\n<td width=\"127\">\n<p>18.01.2007<\/p>\n<\/td>\n<td width=\"237\">\n<p>Umgest\u00fcrzte Werbetafel Markant Altenglan<\/p>\n<\/td>\n<\/tr>\n<tr>\n<td width=\"136\">\n<p>06<\/p>\n<\/td>\n<td width=\"127\">\n<p>18.01.2007<\/p>\n<\/td>\n<td width=\"237\">\n<p>Sandsackausgabe durch Feuerwehr Altenglan<\/p>\n<\/td>\n<\/tr>\n<tr>\n<td width=\"136\">\n<p>05<\/p>\n<\/td>\n<td width=\"127\">\n<p>18.01.2007<\/p>\n<\/td>\n<td width=\"237\">\n<p>Sandsackausgabe durch Feuerwehr Rammelsbach (FEZ besetzt)<\/p>\n<\/td>\n<\/tr>\n<tr>\n<td width=\"136\">\n<p>04<\/p>\n<\/td>\n<td width=\"127\">\n<p>18.01.2007<\/p>\n<\/td>\n<td width=\"237\">\n<p>Baum \u00fcber Fahrbahn Rammelsbach -&gt; Haschbach K21 \/\/ Nur FEZ besetzt<\/p>\n<\/td>\n<\/tr>\n<tr>\n<td width=\"136\">\n<p>03<\/p>\n<\/td>\n<td width=\"127\">\n<p>11.01.2007<\/p>\n<\/td>\n<td width=\"237\">\n<p>Baum auf Stra\u00dfe L367 -&gt; Bosenbach<\/p>\n<\/td>\n<\/tr>\n<tr>\n<td width=\"136\">\n<p>02<\/p>\n<\/td>\n<td width=\"127\">\n<p>10.01.2007<\/p>\n<\/td>\n<td width=\"237\">\n<p>VU, unklare Lage PKW in Leitplanke Erdesbach -&gt; Altenglan<\/p>\n<\/td>\n<\/tr>\n<tr>\n<td width=\"136\">\n<p>01<\/p>\n<\/td>\n<td width=\"127\">\n<p>04.01.2007<\/p>\n<\/td>\n<td width=\"237\">\n<p>VU, unklare Lage Friedelhausen -&gt; Bosenbach<\/p>\n<\/td>\n<\/tr>\n<\/tbody>\n<\/table>\n<p>[\/et_pb_text][\/et_pb_column][et_pb_column type=&#8220;1_3&#8243; _builder_version=&#8220;4.27.4&#8243; _module_preset=&#8220;default&#8220; background_color=&#8220;#f5f5f5&#8243; custom_padding=&#8220;3em|3em|3em|3em|true|true&#8220; border_radii=&#8220;on|15px|15px|15px|15px&#8220; global_colors_info=&#8220;{}&#8220;][et_pb_blurb title=&#8220;N\u00e4chste Termine&#8220; _builder_version=&#8220;4.27.4&#8243; _module_preset=&#8220;default&#8220; header_font=&#8220;|600|||||||&#8220; header_text_align=&#8220;center&#8220; header_line_height=&#8220;2em&#8220; body_line_height=&#8220;1em&#8220; custom_padding=&#8220;1em|1em|1em|1em|true|true&#8220; border_width_all=&#8220;2px&#8220; border_color_all=&#8220;#dbdbdb&#8220; global_colors_info=&#8220;{}&#8220;]\n<section class=\" ics-calendar layout-basic stickymonths\" id=\"r69f2e4f02e03ce6\" style=\"opacity: 1;\">\n\n\t\t\t<article class=\"ics-calendar-basic-wrapper\">\n\n\t\t\t\n\t\t\t<ul class=\"events r34ics-basic-events\">\n\t\t\t\t\t\t\t\t\t\n\t\t\t\t\t\t\t\t\t\t<li class=\"event t190000\" data-dow=\"4\" data-wknum=\"18\" data-rel2today=\"today\" data-feed-key=\"0\">\n\t\t\t\t\t\t\t\t\t\t\t<div class=\"date\"><span data-date-format=\"l\">Donnerstag<\/span> <span data-date-format=\"j\">30<\/span> <span data-date-format=\"F\">April<\/span><\/div>\n\n\t\t\t\t\t\t\t\t\t\t\t<div class=\"event-info\">\n\t\t\t\t\t\t\t\t\t\t\t\t\t\t\t\t\t\t\t\t\t\t\t\t\t<div class=\"time\">\n\t\t\t\t\t\t\t\t\t\t\t\t\t\t<span class=\"start_time\">19:00<\/span>\n\t\t\t\t\t\t\t\t\t\t\t\t\t\t\t\t\t\t\t\t\t\t\t\t\t\t\t\t\t<span class=\"end_time\">&#8211; 21:00<\/span>\n\t\t\t\t\t\t\t\t\t\t\t\t\t\t\t\t\t\t\t\t\t\t\t\t\t\t\t\t<\/div>\n\t\t\t\t\t\t\t\t\t\t\t\t\t<div class=\"title\">\u00dcbung<\/div>\t\t\t\t\t\t\t\t\t\t\t<\/div>\n\t\t\t\t\t\t\t\t\t\t\n\t\t\t\t\t\t\t\t\t\t<\/li>\n\n\t\t\t\t\t\t\t\t\t\t\t\t\t\t\t\n\t\t\t\t\t\t\t\t\t\t<li class=\"event t190000\" data-dow=\"4\" data-wknum=\"19\" data-rel2today=\"future\" data-feed-key=\"0\">\n\t\t\t\t\t\t\t\t\t\t\t<div class=\"date\"><span data-date-format=\"l\">Donnerstag<\/span> <span data-date-format=\"j\">7<\/span> <span data-date-format=\"F\">Mai<\/span><\/div>\n\n\t\t\t\t\t\t\t\t\t\t\t<div class=\"event-info\">\n\t\t\t\t\t\t\t\t\t\t\t\t\t\t\t\t\t\t\t\t\t\t\t\t\t<div class=\"time\">\n\t\t\t\t\t\t\t\t\t\t\t\t\t\t<span class=\"start_time\">19:00<\/span>\n\t\t\t\t\t\t\t\t\t\t\t\t\t\t\t\t\t\t\t\t\t\t\t\t\t\t\t\t\t<span class=\"end_time\">&#8211; 21:00<\/span>\n\t\t\t\t\t\t\t\t\t\t\t\t\t\t\t\t\t\t\t\t\t\t\t\t\t\t\t\t<\/div>\n\t\t\t\t\t\t\t\t\t\t\t\t\t<div class=\"title\">\u00dcbung<\/div>\t\t\t\t\t\t\t\t\t\t\t<\/div>\n\t\t\t\t\t\t\t\t\t\t\n\t\t\t\t\t\t\t\t\t\t<\/li>\n\n\t\t\t\t\t\t\t\t\t\t\t\t\t<\/ul>\n\t\t<\/article>\n\n\t\t\n<\/section>\n[\/et_pb_blurb][et_pb_blurb title=&#8220;Katwarn&#8220; _builder_version=&#8220;4.27.4&#8243; _module_preset=&#8220;default&#8220; header_font=&#8220;|600|||||||&#8220; header_text_align=&#8220;center&#8220; header_line_height=&#8220;2em&#8220; body_line_height=&#8220;1em&#8220; custom_padding=&#8220;1em|1em|1em|1em|true|true&#8220; border_width_all=&#8220;2px&#8220; border_color_all=&#8220;#dbdbdb&#8220; global_colors_info=&#8220;{}&#8220;]<a href=\"https:\/\/warnungen.katwarn.de\/\" target=\"_blank\" rel=\"noopener noreferrer\"><img decoding=\"async\" style=\"display: block; margin-left: auto; margin-right: auto;\" src=\"https:\/\/warnungen.katwarn.de\/widget\/kus_box.png\" alt=\"Katwarn Warnungen\" \/><\/a>[\/et_pb_blurb][et_pb_blurb title=&#8220;Wetterwarnungen&#8220; _builder_version=&#8220;4.27.4&#8243; _module_preset=&#8220;default&#8220; header_font=&#8220;|600|||||||&#8220; header_text_align=&#8220;center&#8220; header_line_height=&#8220;2em&#8220; body_line_height=&#8220;1em&#8220; custom_padding=&#8220;1em|1em|1em|1em|true|true&#8220; border_width_all=&#8220;2px&#8220; border_color_all=&#8220;#dbdbdb&#8220; global_colors_info=&#8220;{}&#8220;]<\/p>\n<p><img decoding=\"async\" src=\"https:\/\/www.dwd.de\/DWD\/warnungen\/warnapp_gemeinden\/json\/warnungen_gemeinde_map_rps.png\" \/><\/p>\n<p>[\/et_pb_blurb][\/et_pb_column][\/et_pb_row][\/et_pb_section]<\/p>\n","protected":false},"excerpt":{"rendered":"<p>Lfd. Nr. Datum Einsatz 95 30.12.2007 \u00d6l auf Gew\u00e4sser 94 28.12.2007 VU PKW gegen Baum 93 28.12.2007 Fundtier in Neunkirchen 92 21.12.2007 VU PKW Friedelhausen -&gt; Altenglan 91 19.12.2007 Kaminbrand in Horschbach 90 17.12.2007 Kaminbrand in Rammelsbach 89 15.12.2007 Baum \u00fcber Fahrbahn in M\u00fchlbach 88 10.12.2007 Fundtier in Altenglan 87 07.12.2007 Kaminbrand in Altenglan 86 [&hellip;]<\/p>\n","protected":false},"author":1,"featured_media":0,"parent":0,"menu_order":0,"comment_status":"closed","ping_status":"closed","template":"","meta":{"_et_pb_use_builder":"on","_et_pb_old_content":"<!-- wp:divi\/placeholder \/-->","_et_gb_content_width":"","footnotes":""},"class_list":["post-1403","page","type-page","status-publish","hentry"],"_links":{"self":[{"href":"https:\/\/www.feuerwehr-altenglan.de\/index.php?rest_route=\/wp\/v2\/pages\/1403","targetHints":{"allow":["GET"]}}],"collection":[{"href":"https:\/\/www.feuerwehr-altenglan.de\/index.php?rest_route=\/wp\/v2\/pages"}],"about":[{"href":"https:\/\/www.feuerwehr-altenglan.de\/index.php?rest_route=\/wp\/v2\/types\/page"}],"author":[{"embeddable":true,"href":"https:\/\/www.feuerwehr-altenglan.de\/index.php?rest_route=\/wp\/v2\/users\/1"}],"replies":[{"embeddable":true,"href":"https:\/\/www.feuerwehr-altenglan.de\/index.php?rest_route=%2Fwp%2Fv2%2Fcomments&post=1403"}],"version-history":[{"count":6,"href":"https:\/\/www.feuerwehr-altenglan.de\/index.php?rest_route=\/wp\/v2\/pages\/1403\/revisions"}],"predecessor-version":[{"id":1508,"href":"https:\/\/www.feuerwehr-altenglan.de\/index.php?rest_route=\/wp\/v2\/pages\/1403\/revisions\/1508"}],"wp:attachment":[{"href":"https:\/\/www.feuerwehr-altenglan.de\/index.php?rest_route=%2Fwp%2Fv2%2Fmedia&parent=1403"}],"curies":[{"name":"wp","href":"https:\/\/api.w.org\/{rel}","templated":true}]}}