{"id":1401,"date":"2025-01-19T13:44:45","date_gmt":"2025-01-19T12:44:45","guid":{"rendered":"https:\/\/www.feuerwehr-altenglan.de\/?page_id=1401"},"modified":"2025-01-20T08:36:14","modified_gmt":"2025-01-20T07:36:14","slug":"einsaetze-2006","status":"publish","type":"page","link":"https:\/\/www.feuerwehr-altenglan.de\/?page_id=1401","title":{"rendered":"Eins\u00e4tze 2006"},"content":{"rendered":"<p>[et_pb_section fb_built=&#8220;1&#8243; _builder_version=&#8220;4.27.4&#8243; _module_preset=&#8220;default&#8220; custom_padding=&#8220;0px||0px||true|false&#8220; global_colors_info=&#8220;{}&#8220;][et_pb_row column_structure=&#8220;2_3,1_3&#8243; _builder_version=&#8220;4.27.4&#8243; _module_preset=&#8220;default&#8220; width=&#8220;100%&#8220; max_width=&#8220;80%&#8220; module_alignment=&#8220;center&#8220; global_colors_info=&#8220;{}&#8220;][et_pb_column type=&#8220;2_3&#8243; _builder_version=&#8220;4.27.4&#8243; _module_preset=&#8220;default&#8220; background_color=&#8220;#f5f5f5&#8243; custom_padding=&#8220;3em|3em|3em|3em|true|true&#8220; border_radii=&#8220;on|15px|15px|15px|15px&#8220; global_colors_info=&#8220;{}&#8220;][et_pb_heading title=&#8220;Eins\u00e4tze im Jahr 2006&#8243; _builder_version=&#8220;4.27.4&#8243; _module_preset=&#8220;default&#8220; title_text_align=&#8220;center&#8220; global_colors_info=&#8220;{}&#8220;][\/et_pb_heading][et_pb_text module_class=&#8220;einsaetze-tabelle&#8220; _builder_version=&#8220;4.27.4&#8243; _module_preset=&#8220;default&#8220; text_font_size=&#8220;16px&#8220; hover_enabled=&#8220;0&#8243; global_colors_info=&#8220;{}&#8220; sticky_enabled=&#8220;0&#8243;]<\/p>\n<table>\n<thead>\n<tr>\n<th>Lfd. Nr.<\/th>\n<th>Datum<\/th>\n<th>Einsatz<\/th>\n<\/tr>\n<\/thead>\n<tbody>\n<tr>\n<td>70<\/td>\n<td>19.12.2006<\/td>\n<td>\u00d6lspur B420 Altenglan bis Lauterecken<\/td>\n<\/tr>\n<tr>\n<td>69<\/td>\n<td>10.12.2006<\/td>\n<td>Kaminbrand in Neunkirchen<\/td>\n<\/tr>\n<tr>\n<td>68<\/td>\n<td>06.12.2006<\/td>\n<td>\u00d6lspur in Welchweiler<\/td>\n<\/tr>\n<tr>\n<td>67<\/td>\n<td>25.11.2006<\/td>\n<td>Kaminbrand in Bosenbach<\/td>\n<\/tr>\n<tr>\n<td>66<\/td>\n<td>20.11.2006<\/td>\n<td>Containerbrand in Bedesbach, B\u00e4ckerei Cappel mit Gefahrguteinsatz<\/td>\n<\/tr>\n<tr>\n<td>65<\/td>\n<td>17.11.2006<\/td>\n<td>\u00d6lfleck in Erdesbach, B420 Richtung Patersbach<\/td>\n<\/tr>\n<tr>\n<td>64<\/td>\n<td>12.11.2006<\/td>\n<td>Rauchentwicklung im Geb\u00e4ude durch defekte Heizung<\/td>\n<\/tr>\n<tr>\n<td>63<\/td>\n<td>12.11.2006<\/td>\n<td>Zimmerbrand in Erdesbach<\/td>\n<\/tr>\n<tr>\n<td>62<\/td>\n<td>11.11.2006<\/td>\n<td>PKW gegen Hauswand in Oberstaufenbach<\/td>\n<\/tr>\n<tr>\n<td>61<\/td>\n<td>11.11.2006<\/td>\n<td>\u00d6lspur M\u00fchlbach &#8211; Patersbach<\/td>\n<\/tr>\n<tr>\n<td>60<\/td>\n<td>06.11.2006<\/td>\n<td>Erkundung Feuerschein<\/td>\n<\/tr>\n<tr>\n<td>59<\/td>\n<td>06.11.2006<\/td>\n<td>\u00d6lspur Bahnhofstra\u00dfe &#8211; Glanstra\u00dfe Altenglan<\/td>\n<\/tr>\n<tr>\n<td>58<\/td>\n<td>04.11.2006<\/td>\n<td>Brand Gr\u00fcnschnitt in M\u00fchlbach<\/td>\n<\/tr>\n<tr>\n<td>57<\/td>\n<td>31.10.2006<\/td>\n<td>Hilfeleistung Rettungsdienst im Steinbruch Bedesbach<\/td>\n<\/tr>\n<tr>\n<td>56<\/td>\n<td>28.10.2006<\/td>\n<td>Dachstuhlbrand in Oberstaufenbach<\/td>\n<\/tr>\n<tr>\n<td>55<\/td>\n<td>24.10.2006<\/td>\n<td>Fehlalarm durch defekte Sirene in Neunkirchen<\/td>\n<\/tr>\n<tr>\n<td>54<\/td>\n<td>24.10.2006<\/td>\n<td>\u00d6lspur in Rohrbach Niederalben<\/td>\n<\/tr>\n<tr>\n<td>53<\/td>\n<td>16.10.2006<\/td>\n<td>PKW im Graben in Neunkirchen<\/td>\n<\/tr>\n<tr>\n<td>52<\/td>\n<td>19.10.2006<\/td>\n<td>\u00d6lspur Schulstra\u00dfe Altenglan<\/td>\n<\/tr>\n<tr>\n<td>51<\/td>\n<td>07.10.2006<\/td>\n<td>Tragehilfe Rettungsdienst, Wanderer gest\u00fcrzt, Rathsweiler im Wald<\/td>\n<\/tr>\n<tr>\n<td>50<\/td>\n<td>06.10.2006<\/td>\n<td>PKW-Unfall L364 Neunkirchen Richtung Gimsbach<\/td>\n<\/tr>\n<tr>\n<td>49<\/td>\n<td>28.09.2006<\/td>\n<td>Fehlalarm Brandmeldeanlage Potzberghotel<\/td>\n<\/tr>\n<tr>\n<td>48<\/td>\n<td>21.09.2006<\/td>\n<td>Gasaustritt Firma Mainmetall Altenglan (Fehlalarm)<\/td>\n<\/tr>\n<tr>\n<td>47<\/td>\n<td>15.09.2006<\/td>\n<td>Rauchentwicklung im alten Steinbruch Bedesbach<\/td>\n<\/tr>\n<tr>\n<td>46<\/td>\n<td>27.08.2006<\/td>\n<td>Wassernotstand Nachbarschaftshilfe FW Haschbach<\/td>\n<\/tr>\n<tr>\n<td>45<\/td>\n<td>27.08.2006<\/td>\n<td>PKW-Brand K22 Richtung Mayweilerhof<\/td>\n<\/tr>\n<tr>\n<td>44<\/td>\n<td>25.08.2006<\/td>\n<td>\u00d6lspur in Altenglan<\/td>\n<\/tr>\n<tr>\n<td>43<\/td>\n<td>17.08.2006<\/td>\n<td>\u00d6lfleck in Oberstaufenbach<\/td>\n<\/tr>\n<tr>\n<td>42<\/td>\n<td>09.08.2006<\/td>\n<td>Verkehrsunfall B420 Richtung Erdesbach<\/td>\n<\/tr>\n<tr>\n<td>41<\/td>\n<td>04.08.2006<\/td>\n<td>\u00d6lspur in Bedesbach<\/td>\n<\/tr>\n<tr>\n<td>40<\/td>\n<td>01.08.2006<\/td>\n<td>Hubschrauberlandung in Friedelhausen<\/td>\n<\/tr>\n<tr>\n<td>39<\/td>\n<td>30.07.2006<\/td>\n<td>Brandnachschau nach Heckenbrand in Neunkirchen<\/td>\n<\/tr>\n<tr>\n<td>38<\/td>\n<td>24.07.2006<\/td>\n<td>Hornissen in Ulmet<\/td>\n<\/tr>\n<tr>\n<td>37<\/td>\n<td>24.07.2006<\/td>\n<td>Dieselspur in Bedesbach<\/td>\n<\/tr>\n<tr>\n<td>36<\/td>\n<td>17.07.2006<\/td>\n<td>Fl\u00e4chenbrand Ortsausgang Rutsweiler Richtung M\u00fchlbach<\/td>\n<\/tr>\n<tr>\n<td>35<\/td>\n<td>13.07.2006<\/td>\n<td>Sturmschaden Baum auf Geb\u00e4ude in Bedesbach<\/td>\n<\/tr>\n<tr>\n<td>34<\/td>\n<td>13.07.2006<\/td>\n<td>Stra\u00dfensperrungen, ausgehobene Gullydeckel, Baum \u00fcber Fahrbahn durch Starkregen in Altenglan<\/td>\n<\/tr>\n<tr>\n<td>33<\/td>\n<td>12.07.2006<\/td>\n<td>Nachbarschaftshilfe f\u00fcr die Feuerwehr VG Kusel (Fl\u00e4chenbrand in Etschberg)<\/td>\n<\/tr>\n<tr>\n<td>32<\/td>\n<td>01.07.2006<\/td>\n<td>Traktorbrand in Erdesbach<\/td>\n<\/tr>\n<tr>\n<td>31<\/td>\n<td>01.07.2006<\/td>\n<td>Auslaufende Betriebsstoffe nach Unfall L169 Niederalben<\/td>\n<\/tr>\n<tr>\n<td>30<\/td>\n<td>29.06.2006<\/td>\n<td>Gr\u00fcnschnittbrand in Altenglan<\/td>\n<\/tr>\n<tr>\n<td>29<\/td>\n<td>26.06.2006<\/td>\n<td>Waldbrand Altenglan Richtung Friedelhausen<\/td>\n<\/tr>\n<tr>\n<td>28<\/td>\n<td>14.06.2006<\/td>\n<td>Wassernotstand in Ulmet<\/td>\n<\/tr>\n<tr>\n<td>27<\/td>\n<td>11.06.2006<\/td>\n<td>Wespen in einer Kindertagesst\u00e4tte<\/td>\n<\/tr>\n<tr>\n<td>26<\/td>\n<td>11.06.2006<\/td>\n<td>\u00d6lspur zwischen Bosenbach und Reichenbach<\/td>\n<\/tr>\n<tr>\n<td>25<\/td>\n<td>09.06.2006<\/td>\n<td>Fl\u00e4chenbrand in Altenglan<\/td>\n<\/tr>\n<tr>\n<td>24<\/td>\n<td>30.05.2006<\/td>\n<td>Rauchmelder ausgel\u00f6st in Altenglan<\/td>\n<\/tr>\n<tr>\n<td>23<\/td>\n<td>28.05.2006<\/td>\n<td>Unklare Rauchentwicklung in Ulmet<\/td>\n<\/tr>\n<tr>\n<td>22<\/td>\n<td>26.05.2006<\/td>\n<td>Brand Heuhaufen in Bedesbach<\/td>\n<\/tr>\n<tr>\n<td>21<\/td>\n<td>26.05.2006<\/td>\n<td>Wasserschaden in Altenglan<\/td>\n<\/tr>\n<tr>\n<td>20<\/td>\n<td>19.05.2006<\/td>\n<td>Unklare Rauchentwicklung Bedesbach Richtung Erdesbach<\/td>\n<\/tr>\n<tr>\n<td>19<\/td>\n<td>14.05.2006<\/td>\n<td>Schwelbrand in Bedesbach<\/td>\n<\/tr>\n<tr>\n<td>18<\/td>\n<td>08.05.2006<\/td>\n<td>PKW-Unfall Ortsausgang Friedelhausen Richtung Gumbsweiler<\/td>\n<\/tr>\n<tr>\n<td>17<\/td>\n<td>05.05.2006<\/td>\n<td>Brandnachschau Lichtenbergstra\u00dfe Ulmet<\/td>\n<\/tr>\n<tr>\n<td>16<\/td>\n<td>03.05.2006<\/td>\n<td>Unklare Rauchentwicklung in Altenglan<\/td>\n<\/tr>\n<tr>\n<td>15<\/td>\n<td>01.05.2006<\/td>\n<td>Wassernotstand in Bedesbach<\/td>\n<\/tr>\n<tr>\n<td>14<\/td>\n<td>27.04.2006<\/td>\n<td>Wasserschaden in einer Garage in Altenglan<\/td>\n<\/tr>\n<tr>\n<td>13<\/td>\n<td>24.04.2006<\/td>\n<td>PKW-Unfall Ortsausgang Ulmet<\/td>\n<\/tr>\n<tr>\n<td>12<\/td>\n<td>15.04.2006<\/td>\n<td>Brand Scheune in Welchweiler<\/td>\n<\/tr>\n<tr>\n<td>11<\/td>\n<td>07.04.2006<\/td>\n<td>\u00d6lspur in Altenglan<\/td>\n<\/tr>\n<tr>\n<td>10<\/td>\n<td>03.04.2006<\/td>\n<td>Auslaufender Kraftstoff aus PKW in Erdesbach<\/td>\n<\/tr>\n<tr>\n<td>9<\/td>\n<td>01.04.2006<\/td>\n<td>\u00d6lspur zwischen Patersbach und Bedesbach<\/td>\n<\/tr>\n<tr>\n<td>8<\/td>\n<td>30.03.2006<\/td>\n<td>Ausgelaufene Chemikalien im Gewerbegebiet Altenglan<\/td>\n<\/tr>\n<tr>\n<td>7<\/td>\n<td>26.03.2006<\/td>\n<td>Kaminbrand in Welchweiler<\/td>\n<\/tr>\n<tr>\n<td>6<\/td>\n<td>19.03.2006<\/td>\n<td>\u00d6lspur in Bedesbach<\/td>\n<\/tr>\n<tr>\n<td>5<\/td>\n<td>17.03.2006<\/td>\n<td>Hilfeleistung Rettungsdienst in Altenglan<\/td>\n<\/tr>\n<tr>\n<td>4<\/td>\n<td>14.03.2006<\/td>\n<td>Brandnachschau Gewerbegebiet Altenglan<\/td>\n<\/tr>\n<tr>\n<td>3<\/td>\n<td>11.03.2006<\/td>\n<td>Verkehrsunfall zwischen Friedelhausen und Ulmet<\/td>\n<\/tr>\n<tr>\n<td>2<\/td>\n<td>06.03.2006<\/td>\n<td>PKW im Graben zwischen Welchweiler und Oberstaufenbach<\/td>\n<\/tr>\n<tr>\n<td>1<\/td>\n<td>01.03.2006<\/td>\n<td>Tragehilfe f\u00fcr Rettungsdienst in Altenglan<\/td>\n<\/tr>\n<\/tbody>\n<\/table>\n<p>[\/et_pb_text][\/et_pb_column][et_pb_column type=&#8220;1_3&#8243; _builder_version=&#8220;4.27.4&#8243; _module_preset=&#8220;default&#8220; background_color=&#8220;#f5f5f5&#8243; custom_padding=&#8220;3em|3em|3em|3em|true|true&#8220; border_radii=&#8220;on|15px|15px|15px|15px&#8220; global_colors_info=&#8220;{}&#8220;][et_pb_blurb title=&#8220;N\u00e4chste Termine&#8220; _builder_version=&#8220;4.27.4&#8243; _module_preset=&#8220;default&#8220; header_font=&#8220;|600|||||||&#8220; header_text_align=&#8220;center&#8220; header_line_height=&#8220;2em&#8220; body_line_height=&#8220;1em&#8220; custom_padding=&#8220;1em|1em|1em|1em|true|true&#8220; border_width_all=&#8220;2px&#8220; border_color_all=&#8220;#dbdbdb&#8220; global_colors_info=&#8220;{}&#8220;]\n<section class=\" ics-calendar layout-basic stickymonths\" id=\"r69d02a84b124fb5\" style=\"opacity: 1;\">\n\n\t\t\t<article class=\"ics-calendar-basic-wrapper\">\n\n\t\t\t\n\t\t\t<ul class=\"events r34ics-basic-events\">\n\t\t\t\t\t\t\t\t\t\n\t\t\t\t\t\t\t\t\t\t<li class=\"event t190000\" data-dow=\"4\" data-wknum=\"15\" data-rel2today=\"future\" data-feed-key=\"0\">\n\t\t\t\t\t\t\t\t\t\t\t<div class=\"date\"><span data-date-format=\"l\">Donnerstag<\/span> <span data-date-format=\"j\">9<\/span> <span data-date-format=\"F\">April<\/span><\/div>\n\n\t\t\t\t\t\t\t\t\t\t\t<div class=\"event-info\">\n\t\t\t\t\t\t\t\t\t\t\t\t\t\t\t\t\t\t\t\t\t\t\t\t\t<div class=\"time\">\n\t\t\t\t\t\t\t\t\t\t\t\t\t\t<span class=\"start_time\">19:00<\/span>\n\t\t\t\t\t\t\t\t\t\t\t\t\t\t\t\t\t\t\t\t\t\t\t\t\t\t\t\t\t<span class=\"end_time\">&#8211; 21:00<\/span>\n\t\t\t\t\t\t\t\t\t\t\t\t\t\t\t\t\t\t\t\t\t\t\t\t\t\t\t\t<\/div>\n\t\t\t\t\t\t\t\t\t\t\t\t\t<div class=\"title\">\u00dcbung<\/div>\t\t\t\t\t\t\t\t\t\t\t<\/div>\n\t\t\t\t\t\t\t\t\t\t\n\t\t\t\t\t\t\t\t\t\t<\/li>\n\n\t\t\t\t\t\t\t\t\t\t\t\t\t\t\t\n\t\t\t\t\t\t\t\t\t\t<li class=\"event t190000\" data-dow=\"4\" data-wknum=\"16\" data-rel2today=\"future\" data-feed-key=\"0\">\n\t\t\t\t\t\t\t\t\t\t\t<div class=\"date\"><span data-date-format=\"l\">Donnerstag<\/span> <span data-date-format=\"j\">16<\/span> <span data-date-format=\"F\">April<\/span><\/div>\n\n\t\t\t\t\t\t\t\t\t\t\t<div class=\"event-info\">\n\t\t\t\t\t\t\t\t\t\t\t\t\t\t\t\t\t\t\t\t\t\t\t\t\t<div class=\"time\">\n\t\t\t\t\t\t\t\t\t\t\t\t\t\t<span class=\"start_time\">19:00<\/span>\n\t\t\t\t\t\t\t\t\t\t\t\t\t\t\t\t\t\t\t\t\t\t\t\t\t\t\t\t\t<span class=\"end_time\">&#8211; 21:00<\/span>\n\t\t\t\t\t\t\t\t\t\t\t\t\t\t\t\t\t\t\t\t\t\t\t\t\t\t\t\t<\/div>\n\t\t\t\t\t\t\t\t\t\t\t\t\t<div class=\"title\">\u00dcbung<\/div>\t\t\t\t\t\t\t\t\t\t\t<\/div>\n\t\t\t\t\t\t\t\t\t\t\n\t\t\t\t\t\t\t\t\t\t<\/li>\n\n\t\t\t\t\t\t\t\t\t\t\t\t\t<\/ul>\n\t\t<\/article>\n\n\t\t\n<\/section>\n[\/et_pb_blurb][et_pb_blurb title=&#8220;Katwarn&#8220; _builder_version=&#8220;4.27.4&#8243; _module_preset=&#8220;default&#8220; header_font=&#8220;|600|||||||&#8220; header_text_align=&#8220;center&#8220; header_line_height=&#8220;2em&#8220; body_line_height=&#8220;1em&#8220; custom_padding=&#8220;1em|1em|1em|1em|true|true&#8220; border_width_all=&#8220;2px&#8220; border_color_all=&#8220;#dbdbdb&#8220; global_colors_info=&#8220;{}&#8220;]<a href=\"https:\/\/warnungen.katwarn.de\/\" target=\"_blank\" rel=\"noopener noreferrer\"><img decoding=\"async\" style=\"display: block; margin-left: auto; margin-right: auto;\" src=\"https:\/\/warnungen.katwarn.de\/widget\/kus_box.png\" alt=\"Katwarn Warnungen\" \/><\/a>[\/et_pb_blurb][et_pb_blurb title=&#8220;Wetterwarnungen&#8220; _builder_version=&#8220;4.27.4&#8243; _module_preset=&#8220;default&#8220; header_font=&#8220;|600|||||||&#8220; header_text_align=&#8220;center&#8220; header_line_height=&#8220;2em&#8220; body_line_height=&#8220;1em&#8220; custom_padding=&#8220;1em|1em|1em|1em|true|true&#8220; border_width_all=&#8220;2px&#8220; border_color_all=&#8220;#dbdbdb&#8220; global_colors_info=&#8220;{}&#8220;]<\/p>\n<p><img decoding=\"async\" src=\"https:\/\/www.dwd.de\/DWD\/warnungen\/warnapp_gemeinden\/json\/warnungen_gemeinde_map_rps.png\" \/><\/p>\n<p>[\/et_pb_blurb][\/et_pb_column][\/et_pb_row][\/et_pb_section]<\/p>\n","protected":false},"excerpt":{"rendered":"<p>Lfd. Nr. Datum Einsatz 70 19.12.2006 \u00d6lspur B420 Altenglan bis Lauterecken 69 10.12.2006 Kaminbrand in Neunkirchen 68 06.12.2006 \u00d6lspur in Welchweiler 67 25.11.2006 Kaminbrand in Bosenbach 66 20.11.2006 Containerbrand in Bedesbach, B\u00e4ckerei Cappel mit Gefahrguteinsatz 65 17.11.2006 \u00d6lfleck in Erdesbach, B420 Richtung Patersbach 64 12.11.2006 Rauchentwicklung im Geb\u00e4ude durch defekte Heizung 63 12.11.2006 Zimmerbrand in [&hellip;]<\/p>\n","protected":false},"author":1,"featured_media":0,"parent":0,"menu_order":0,"comment_status":"closed","ping_status":"closed","template":"","meta":{"_et_pb_use_builder":"on","_et_pb_old_content":"<!-- wp:divi\/placeholder \/-->","_et_gb_content_width":"","footnotes":""},"class_list":["post-1401","page","type-page","status-publish","hentry"],"_links":{"self":[{"href":"https:\/\/www.feuerwehr-altenglan.de\/index.php?rest_route=\/wp\/v2\/pages\/1401","targetHints":{"allow":["GET"]}}],"collection":[{"href":"https:\/\/www.feuerwehr-altenglan.de\/index.php?rest_route=\/wp\/v2\/pages"}],"about":[{"href":"https:\/\/www.feuerwehr-altenglan.de\/index.php?rest_route=\/wp\/v2\/types\/page"}],"author":[{"embeddable":true,"href":"https:\/\/www.feuerwehr-altenglan.de\/index.php?rest_route=\/wp\/v2\/users\/1"}],"replies":[{"embeddable":true,"href":"https:\/\/www.feuerwehr-altenglan.de\/index.php?rest_route=%2Fwp%2Fv2%2Fcomments&post=1401"}],"version-history":[{"count":5,"href":"https:\/\/www.feuerwehr-altenglan.de\/index.php?rest_route=\/wp\/v2\/pages\/1401\/revisions"}],"predecessor-version":[{"id":1509,"href":"https:\/\/www.feuerwehr-altenglan.de\/index.php?rest_route=\/wp\/v2\/pages\/1401\/revisions\/1509"}],"wp:attachment":[{"href":"https:\/\/www.feuerwehr-altenglan.de\/index.php?rest_route=%2Fwp%2Fv2%2Fmedia&parent=1401"}],"curies":[{"name":"wp","href":"https:\/\/api.w.org\/{rel}","templated":true}]}}