{"id":1399,"date":"2025-01-19T13:44:16","date_gmt":"2025-01-19T12:44:16","guid":{"rendered":"https:\/\/www.feuerwehr-altenglan.de\/?page_id=1399"},"modified":"2025-01-19T14:17:35","modified_gmt":"2025-01-19T13:17:35","slug":"einsaetze-2005","status":"publish","type":"page","link":"https:\/\/www.feuerwehr-altenglan.de\/?page_id=1399","title":{"rendered":"Eins\u00e4tze 2005"},"content":{"rendered":"<p>[et_pb_section fb_built=&#8220;1&#8243; _builder_version=&#8220;4.27.4&#8243; _module_preset=&#8220;default&#8220; hover_enabled=&#8220;0&#8243; global_colors_info=&#8220;{}&#8220; custom_padding=&#8220;0px||0px||true|false&#8220; sticky_enabled=&#8220;0&#8243;][et_pb_row column_structure=&#8220;2_3,1_3&#8243; _builder_version=&#8220;4.27.4&#8243; _module_preset=&#8220;default&#8220; width=&#8220;100%&#8220; max_width=&#8220;80%&#8220; module_alignment=&#8220;center&#8220; global_colors_info=&#8220;{}&#8220;][et_pb_column type=&#8220;2_3&#8243; _builder_version=&#8220;4.27.4&#8243; _module_preset=&#8220;default&#8220; background_color=&#8220;#f5f5f5&#8243; custom_padding=&#8220;3em|3em|3em|3em|true|true&#8220; border_radii=&#8220;on|15px|15px|15px|15px&#8220; global_colors_info=&#8220;{}&#8220;][et_pb_heading title=&#8220;Eins\u00e4tze im Jahr 2005&#8243; _builder_version=&#8220;4.27.4&#8243; _module_preset=&#8220;default&#8220; title_text_align=&#8220;center&#8220; global_colors_info=&#8220;{}&#8220;][\/et_pb_heading][et_pb_text _builder_version=&#8220;4.27.4&#8243; _module_preset=&#8220;default&#8220; text_font_size=&#8220;16px&#8220; hover_enabled=&#8220;0&#8243; global_colors_info=&#8220;{}&#8220; module_class=&#8220;einsaetze-tabelle&#8220; sticky_enabled=&#8220;0&#8243;]<\/p>\n<table>\n<thead>\n<tr>\n<th>Lfd. Nr.<\/th>\n<th>Datum<\/th>\n<th>Einsatz<\/th>\n<\/tr>\n<\/thead>\n<tbody>\n<tr>\n<td>62<\/td>\n<td>17.12.2005<\/td>\n<td>\u00d6lspur Friedelhausen in Richtung Altenglan<\/td>\n<\/tr>\n<tr>\n<td>61<\/td>\n<td>16.12.2005<\/td>\n<td>Notfallt\u00fcr\u00f6ffnung in Elzweiler<\/td>\n<\/tr>\n<tr>\n<td>60<\/td>\n<td>16.12.2005<\/td>\n<td>Baum \u00fcber Stra\u00dfe M\u00fchlbach in Richtung Rutsweiler<\/td>\n<\/tr>\n<tr>\n<td>59<\/td>\n<td>16.12.2005<\/td>\n<td>BMA Potzberghotel (Fehlalarm)<\/td>\n<\/tr>\n<tr>\n<td>58<\/td>\n<td>16.12.2005<\/td>\n<td>BMA Potzberghotel (Fehlalarm)<\/td>\n<\/tr>\n<tr>\n<td>57<\/td>\n<td>01.12.2005<\/td>\n<td>Umgest\u00fcrzter LKW in Horschbach<\/td>\n<\/tr>\n<tr>\n<td>56<\/td>\n<td>26.11.2005<\/td>\n<td>BMA Potzberghotel (Fehlalarm)<\/td>\n<\/tr>\n<tr>\n<td>55<\/td>\n<td>21.11.2005<\/td>\n<td>BMA Potzberghotel (Fehlalarm)<\/td>\n<\/tr>\n<tr>\n<td>54<\/td>\n<td>21.11.2005<\/td>\n<td>BMA Potzberghotel (Fehlalarm)<\/td>\n<\/tr>\n<tr>\n<td>53<\/td>\n<td>21.11.2005<\/td>\n<td>BMA Potzberghotel (Fehlalarm)<\/td>\n<\/tr>\n<tr>\n<td>52<\/td>\n<td>12.11.2005<\/td>\n<td>Verkehrsunfall auf der L367; Ausleuchten der E-Stelle<\/td>\n<\/tr>\n<tr>\n<td>51<\/td>\n<td>03.11.2005<\/td>\n<td>Verkehrsunfall PKW in Ulmet<\/td>\n<\/tr>\n<tr>\n<td>50<\/td>\n<td>17.10.2005<\/td>\n<td>Hilfestellung f\u00fcr Rettungsdienst in Rammelsbach<\/td>\n<\/tr>\n<tr>\n<td>49<\/td>\n<td>12.10.2005<\/td>\n<td>Scheunenbrand in Rathsweiler<\/td>\n<\/tr>\n<tr>\n<td>48<\/td>\n<td>28.09.2005<\/td>\n<td>Schwerer Verkehrsunfall zwischen Rathsweiler und Eschenau<\/td>\n<\/tr>\n<tr>\n<td>47<\/td>\n<td>28.09.2005<\/td>\n<td>BMA Firma RME (Fehlalarm)<\/td>\n<\/tr>\n<tr>\n<td>46<\/td>\n<td>21.09.2005<\/td>\n<td>Fl\u00e4chenbrand (kleiner Abbrand von Gr\u00fcnschnitt &#8211; Fehlalarm)<\/td>\n<\/tr>\n<tr>\n<td>45<\/td>\n<td>09.09.2005<\/td>\n<td>Starke Rauchentwicklung in Rutsweiler (Gr\u00fcnschnittbrand)<\/td>\n<\/tr>\n<tr>\n<td>44<\/td>\n<td>01.09.2005<\/td>\n<td>Draisinenunfall in Eschenau<\/td>\n<\/tr>\n<tr>\n<td>43<\/td>\n<td>27.08.2005<\/td>\n<td>\u00d6lspur zwischen Altenglan &#038; Rutsweiler<\/td>\n<\/tr>\n<tr>\n<td>42<\/td>\n<td>24.08.2005<\/td>\n<td>BMA Potzberghotel (Fehlalarm)<\/td>\n<\/tr>\n<tr>\n<td>41<\/td>\n<td>04.08.2005<\/td>\n<td>Rauchentwicklung in Altenglan (Kein Einsatz erforderlich)<\/td>\n<\/tr>\n<tr>\n<td>40<\/td>\n<td>02.08.2005<\/td>\n<td>\u00d6lspur in Bosenbach<\/td>\n<\/tr>\n<tr>\n<td>39<\/td>\n<td>01.08.2005<\/td>\n<td>RTH-Landung in Altenglan<\/td>\n<\/tr>\n<tr>\n<td>38<\/td>\n<td>29.07.2005<\/td>\n<td>Baum \u00fcber Stra\u00dfe auf B420 n\u00e4he Rathsweiler<\/td>\n<\/tr>\n<tr>\n<td>37<\/td>\n<td>24.07.2005<\/td>\n<td>Baum droht auf Haus zu st\u00fcrzen in Welchweiler<\/td>\n<\/tr>\n<tr>\n<td>36<\/td>\n<td>23.07.2005<\/td>\n<td>\u00d6lspur in Oberstaufenbach<\/td>\n<\/tr>\n<tr>\n<td>35<\/td>\n<td>06.07.2005<\/td>\n<td>Gartenhausbrand in Bedesbach<\/td>\n<\/tr>\n<tr>\n<td>34<\/td>\n<td>29.06.2005<\/td>\n<td>Baum \u00fcber Stra\u00dfe auf B420 n\u00e4he Rathsweiler<\/td>\n<\/tr>\n<tr>\n<td>33<\/td>\n<td>14.06.2005<\/td>\n<td>Hilfestellung f\u00fcr Rettungsdienst in Bosenbach<\/td>\n<\/tr>\n<tr>\n<td>32<\/td>\n<td>14.06.2005<\/td>\n<td>Unfall mit einem Quad in Bedesbach<\/td>\n<\/tr>\n<tr>\n<td>31<\/td>\n<td>13.06.2005<\/td>\n<td>Hubschrauberlandesicherung in Rammelsbach<\/td>\n<\/tr>\n<tr>\n<td>30<\/td>\n<td>24.05.2005<\/td>\n<td>Kind aus 2. Stock gefallen in Altenglan<\/td>\n<\/tr>\n<tr>\n<td>29<\/td>\n<td>19.05.2005<\/td>\n<td>Rauchentwicklung und Brandgeruch in Friedelhausen<\/td>\n<\/tr>\n<tr>\n<td>28<\/td>\n<td>19.05.2005<\/td>\n<td>Hilfestellung f\u00fcr Rettungsdienst mit DLK Kusel<\/td>\n<\/tr>\n<tr>\n<td>27<\/td>\n<td>12.05.2005<\/td>\n<td>Wassernotstand in Ulmet<\/td>\n<\/tr>\n<tr>\n<td>26<\/td>\n<td>12.05.2005<\/td>\n<td>Wohnungsbrand in Friedelhausen<\/td>\n<\/tr>\n<tr>\n<td>25<\/td>\n<td>07.05.2005<\/td>\n<td>Aut. Feuermeldung BMA Potzberghotel (Fehlalarm)<\/td>\n<\/tr>\n<tr>\n<td>24<\/td>\n<td>02.05.2005<\/td>\n<td>Brandnachschau nach Toasterbrand in Altenglan<\/td>\n<\/tr>\n<tr>\n<td>23<\/td>\n<td>30.04.2005<\/td>\n<td>\u00d6lspur in F\u00f6ckelberg<\/td>\n<\/tr>\n<tr>\n<td>22<\/td>\n<td>29.04.2005<\/td>\n<td>\u00d6lspur in Friedelhausen<\/td>\n<\/tr>\n<tr>\n<td>21<\/td>\n<td>20.04.2005<\/td>\n<td>\u00d6lspur Ulmet K25 i.R. Rathsweiler (Zentrale besetzt)<\/td>\n<\/tr>\n<tr>\n<td>20<\/td>\n<td>10.04.2005<\/td>\n<td>Verkehrsunfall PKW B423 i.R. M\u00fchlbach<\/td>\n<\/tr>\n<tr>\n<td>19<\/td>\n<td>04.04.2005<\/td>\n<td>Defekter Hydraulikschlauch bei einem Bagger in F\u00f6ckelberg<\/td>\n<\/tr>\n<tr>\n<td>18<\/td>\n<td>02.04.2005<\/td>\n<td>\u00d6lspur in Bedesbach<\/td>\n<\/tr>\n<tr>\n<td>17<\/td>\n<td>20.03.2005<\/td>\n<td>Gasalarm in M\u00fchlbach<\/td>\n<\/tr>\n<tr>\n<td>16<\/td>\n<td>20.03.2005<\/td>\n<td>B\u00f6swilliger Fehlalarm<\/td>\n<\/tr>\n<tr>\n<td>15<\/td>\n<td>01.03.2005<\/td>\n<td>Leitungsbruch in Altenglan<\/td>\n<\/tr>\n<tr>\n<td>14<\/td>\n<td>28.02.2005<\/td>\n<td>Leitungsbruch in Niederalben<\/td>\n<\/tr>\n<tr>\n<td>13<\/td>\n<td>25.02.2005<\/td>\n<td>\u00d6lspur in Neunkirchen<\/td>\n<\/tr>\n<tr>\n<td>12<\/td>\n<td>15.02.2005<\/td>\n<td>\u00d6lspur in M\u00fchlbach Richtung Rutsweiler<\/td>\n<\/tr>\n<tr>\n<td>11<\/td>\n<td>13.02.2005<\/td>\n<td>Baum \u00fcber Stra\u00dfe<\/td>\n<\/tr>\n<tr>\n<td>10<\/td>\n<td>07.02.2005<\/td>\n<td>Ausgelaufenes Heiz\u00f6l in Patersbach<\/td>\n<\/tr>\n<tr>\n<td>9<\/td>\n<td>31.01.2005<\/td>\n<td>\u00d6lspur in Niederalben (b\u00f6swilliger Fehlalarm)<\/td>\n<\/tr>\n<tr>\n<td>8<\/td>\n<td>30.01.2005<\/td>\n<td>Handalarmierung Sirene Bedesbach (b\u00f6swilliger Fehlalarm)<\/td>\n<\/tr>\n<tr>\n<td>7<\/td>\n<td>28.01.2005<\/td>\n<td>Entlaufene Pferde in Neunkirchen<\/td>\n<\/tr>\n<tr>\n<td>6<\/td>\n<td>28.01.2005<\/td>\n<td>Auslaufende Betriebsstoffe bei umgest\u00fcrztem Traktor in Friedelhausen<\/td>\n<\/tr>\n<tr>\n<td>5<\/td>\n<td>14.01.2005<\/td>\n<td>Heuballenbrand bei Rathsweiler<\/td>\n<\/tr>\n<tr>\n<td>4<\/td>\n<td>14.01.2005<\/td>\n<td>Verkehrsunfall B420 zw. Erdesbach und Patersbach<\/td>\n<\/tr>\n<tr>\n<td>3<\/td>\n<td>13.01.2005<\/td>\n<td>Kaminbrand in Ulmet<\/td>\n<\/tr>\n<tr>\n<td>2<\/td>\n<td>09.01.2005<\/td>\n<td>Verkehrsunfall, auslaufende Betriebsstoffe B420 zw. Erdesbach und Patersbach<\/td>\n<\/tr>\n<tr>\n<td>1<\/td>\n<td>08.01.2005<\/td>\n<td>\u00d6lspur in Horschbach<\/td>\n<\/tr>\n<\/tbody>\n<\/table>\n<p>[\/et_pb_text][\/et_pb_column][et_pb_column type=&#8220;1_3&#8243; _builder_version=&#8220;4.27.4&#8243; _module_preset=&#8220;default&#8220; background_color=&#8220;#f5f5f5&#8243; custom_padding=&#8220;3em|3em|3em|3em|true|true&#8220; border_radii=&#8220;on|15px|15px|15px|15px&#8220; global_colors_info=&#8220;{}&#8220;][et_pb_blurb title=&#8220;N\u00e4chste Termine&#8220; _builder_version=&#8220;4.27.4&#8243; _module_preset=&#8220;default&#8220; header_font=&#8220;|600|||||||&#8220; header_text_align=&#8220;center&#8220; header_line_height=&#8220;2em&#8220; body_line_height=&#8220;1em&#8220; custom_padding=&#8220;1em|1em|1em|1em|true|true&#8220; border_width_all=&#8220;2px&#8220; border_color_all=&#8220;#dbdbdb&#8220; global_colors_info=&#8220;{}&#8220;]\n<section class=\" ics-calendar layout-basic stickymonths\" id=\"r69f2e4f02e03ce6\" style=\"opacity: 1;\">\n\n\t\t\t<article class=\"ics-calendar-basic-wrapper\">\n\n\t\t\t\n\t\t\t<ul class=\"events r34ics-basic-events\">\n\t\t\t\t\t\t\t\t\t\n\t\t\t\t\t\t\t\t\t\t<li class=\"event t190000\" data-dow=\"4\" data-wknum=\"18\" data-rel2today=\"today\" data-feed-key=\"0\">\n\t\t\t\t\t\t\t\t\t\t\t<div class=\"date\"><span data-date-format=\"l\">Donnerstag<\/span> <span data-date-format=\"j\">30<\/span> <span data-date-format=\"F\">April<\/span><\/div>\n\n\t\t\t\t\t\t\t\t\t\t\t<div class=\"event-info\">\n\t\t\t\t\t\t\t\t\t\t\t\t\t\t\t\t\t\t\t\t\t\t\t\t\t<div class=\"time\">\n\t\t\t\t\t\t\t\t\t\t\t\t\t\t<span class=\"start_time\">19:00<\/span>\n\t\t\t\t\t\t\t\t\t\t\t\t\t\t\t\t\t\t\t\t\t\t\t\t\t\t\t\t\t<span class=\"end_time\">&#8211; 21:00<\/span>\n\t\t\t\t\t\t\t\t\t\t\t\t\t\t\t\t\t\t\t\t\t\t\t\t\t\t\t\t<\/div>\n\t\t\t\t\t\t\t\t\t\t\t\t\t<div class=\"title\">\u00dcbung<\/div>\t\t\t\t\t\t\t\t\t\t\t<\/div>\n\t\t\t\t\t\t\t\t\t\t\n\t\t\t\t\t\t\t\t\t\t<\/li>\n\n\t\t\t\t\t\t\t\t\t\t\t\t\t\t\t\n\t\t\t\t\t\t\t\t\t\t<li class=\"event t190000\" data-dow=\"4\" data-wknum=\"19\" data-rel2today=\"future\" data-feed-key=\"0\">\n\t\t\t\t\t\t\t\t\t\t\t<div class=\"date\"><span data-date-format=\"l\">Donnerstag<\/span> <span data-date-format=\"j\">7<\/span> <span data-date-format=\"F\">Mai<\/span><\/div>\n\n\t\t\t\t\t\t\t\t\t\t\t<div class=\"event-info\">\n\t\t\t\t\t\t\t\t\t\t\t\t\t\t\t\t\t\t\t\t\t\t\t\t\t<div class=\"time\">\n\t\t\t\t\t\t\t\t\t\t\t\t\t\t<span class=\"start_time\">19:00<\/span>\n\t\t\t\t\t\t\t\t\t\t\t\t\t\t\t\t\t\t\t\t\t\t\t\t\t\t\t\t\t<span class=\"end_time\">&#8211; 21:00<\/span>\n\t\t\t\t\t\t\t\t\t\t\t\t\t\t\t\t\t\t\t\t\t\t\t\t\t\t\t\t<\/div>\n\t\t\t\t\t\t\t\t\t\t\t\t\t<div class=\"title\">\u00dcbung<\/div>\t\t\t\t\t\t\t\t\t\t\t<\/div>\n\t\t\t\t\t\t\t\t\t\t\n\t\t\t\t\t\t\t\t\t\t<\/li>\n\n\t\t\t\t\t\t\t\t\t\t\t\t\t<\/ul>\n\t\t<\/article>\n\n\t\t\n<\/section>\n[\/et_pb_blurb][et_pb_blurb title=&#8220;Katwarn&#8220; _builder_version=&#8220;4.27.4&#8243; _module_preset=&#8220;default&#8220; header_font=&#8220;|600|||||||&#8220; header_text_align=&#8220;center&#8220; header_line_height=&#8220;2em&#8220; body_line_height=&#8220;1em&#8220; custom_padding=&#8220;1em|1em|1em|1em|true|true&#8220; border_width_all=&#8220;2px&#8220; border_color_all=&#8220;#dbdbdb&#8220; global_colors_info=&#8220;{}&#8220;]<a href=\"https:\/\/warnungen.katwarn.de\/\" target=\"_blank\" rel=\"noopener noreferrer\"><img decoding=\"async\" style=\"display: block; margin-left: auto; margin-right: auto;\" src=\"https:\/\/warnungen.katwarn.de\/widget\/kus_box.png\" alt=\"Katwarn Warnungen\" \/><\/a>[\/et_pb_blurb][et_pb_blurb title=&#8220;Wetterwarnungen&#8220; _builder_version=&#8220;4.27.4&#8243; _module_preset=&#8220;default&#8220; header_font=&#8220;|600|||||||&#8220; header_text_align=&#8220;center&#8220; header_line_height=&#8220;2em&#8220; body_line_height=&#8220;1em&#8220; custom_padding=&#8220;1em|1em|1em|1em|true|true&#8220; border_width_all=&#8220;2px&#8220; border_color_all=&#8220;#dbdbdb&#8220; global_colors_info=&#8220;{}&#8220;]<\/p>\n<p><img decoding=\"async\" src=\"https:\/\/www.dwd.de\/DWD\/warnungen\/warnapp_gemeinden\/json\/warnungen_gemeinde_map_rps.png\" \/><\/p>\n<p>[\/et_pb_blurb][\/et_pb_column][\/et_pb_row][\/et_pb_section]<\/p>\n","protected":false},"excerpt":{"rendered":"<p>Lfd. Nr. Datum Einsatz 62 17.12.2005 \u00d6lspur Friedelhausen in Richtung Altenglan 61 16.12.2005 Notfallt\u00fcr\u00f6ffnung in Elzweiler 60 16.12.2005 Baum \u00fcber Stra\u00dfe M\u00fchlbach in Richtung Rutsweiler 59 16.12.2005 BMA Potzberghotel (Fehlalarm) 58 16.12.2005 BMA Potzberghotel (Fehlalarm) 57 01.12.2005 Umgest\u00fcrzter LKW in Horschbach 56 26.11.2005 BMA Potzberghotel (Fehlalarm) 55 21.11.2005 BMA Potzberghotel (Fehlalarm) 54 21.11.2005 BMA Potzberghotel [&hellip;]<\/p>\n","protected":false},"author":1,"featured_media":0,"parent":0,"menu_order":0,"comment_status":"closed","ping_status":"closed","template":"","meta":{"_et_pb_use_builder":"on","_et_pb_old_content":"","_et_gb_content_width":"","footnotes":""},"class_list":["post-1399","page","type-page","status-publish","hentry"],"_links":{"self":[{"href":"https:\/\/www.feuerwehr-altenglan.de\/index.php?rest_route=\/wp\/v2\/pages\/1399","targetHints":{"allow":["GET"]}}],"collection":[{"href":"https:\/\/www.feuerwehr-altenglan.de\/index.php?rest_route=\/wp\/v2\/pages"}],"about":[{"href":"https:\/\/www.feuerwehr-altenglan.de\/index.php?rest_route=\/wp\/v2\/types\/page"}],"author":[{"embeddable":true,"href":"https:\/\/www.feuerwehr-altenglan.de\/index.php?rest_route=\/wp\/v2\/users\/1"}],"replies":[{"embeddable":true,"href":"https:\/\/www.feuerwehr-altenglan.de\/index.php?rest_route=%2Fwp%2Fv2%2Fcomments&post=1399"}],"version-history":[{"count":6,"href":"https:\/\/www.feuerwehr-altenglan.de\/index.php?rest_route=\/wp\/v2\/pages\/1399\/revisions"}],"predecessor-version":[{"id":1478,"href":"https:\/\/www.feuerwehr-altenglan.de\/index.php?rest_route=\/wp\/v2\/pages\/1399\/revisions\/1478"}],"wp:attachment":[{"href":"https:\/\/www.feuerwehr-altenglan.de\/index.php?rest_route=%2Fwp%2Fv2%2Fmedia&parent=1399"}],"curies":[{"name":"wp","href":"https:\/\/api.w.org\/{rel}","templated":true}]}}