{"id":1320,"date":"2025-01-16T17:24:18","date_gmt":"2025-01-16T16:24:18","guid":{"rendered":"https:\/\/www.feuerwehr-altenglan.de\/?page_id=1320"},"modified":"2025-01-20T12:31:05","modified_gmt":"2025-01-20T11:31:05","slug":"mitglied-werden","status":"publish","type":"page","link":"https:\/\/www.feuerwehr-altenglan.de\/?page_id=1320","title":{"rendered":"Mitglied werden"},"content":{"rendered":"<p>[et_pb_section fb_built=&#8220;1&#8243; _builder_version=&#8220;4.27.4&#8243; _module_preset=&#8220;default&#8220; hover_enabled=&#8220;0&#8243; global_colors_info=&#8220;{}&#8220; custom_padding=&#8220;0px||0px||true|false&#8220; sticky_enabled=&#8220;0&#8243;][et_pb_row column_structure=&#8220;2_3,1_3&#8243; _builder_version=&#8220;4.27.4&#8243; _module_preset=&#8220;default&#8220; width=&#8220;100%&#8220; max_width=&#8220;80%&#8220; module_alignment=&#8220;center&#8220; global_colors_info=&#8220;{}&#8220;][et_pb_column type=&#8220;2_3&#8243; _builder_version=&#8220;4.27.4&#8243; _module_preset=&#8220;default&#8220; background_color=&#8220;#f5f5f5&#8243; custom_padding=&#8220;3em|3em|3em|3em|true|true&#8220; border_radii=&#8220;on|15px|15px|15px|15px&#8220; global_colors_info=&#8220;{}&#8220;][et_pb_heading title=&#8220;Werde Mitglied der Freiwilligen Feuerwehr Altenglan&#8220; _builder_version=&#8220;4.27.4&#8243; _module_preset=&#8220;default&#8220; title_text_align=&#8220;center&#8220; global_colors_info=&#8220;{}&#8220;][\/et_pb_heading][et_pb_text _builder_version=&#8220;4.27.4&#8243; _module_preset=&#8220;default&#8220; hover_enabled=&#8220;0&#8243; global_colors_info=&#8220;{}&#8220; sticky_enabled=&#8220;0&#8243;]<\/p>\n<p style=\"text-align: justify;\">Du suchst nach einer spannenden Herausforderung, m\u00f6chtest etwas Sinnvolles tun und Teil eines starken Teams werden?<\/p>\n<p style=\"text-align: justify;\">Dann bist du bei uns genau richtig! Die Freiwillige Feuerwehr Altenglan sucht engagierte Menschen, die bereit sind, Verantwortung zu \u00fcbernehmen und sich f\u00fcr die Sicherheit unserer Mitb\u00fcrger einzusetzen.<\/p>\n<p style=\"text-align: justify;\"><strong>Warum solltest du Mitglied werden?<\/strong><\/p>\n<ul style=\"text-align: justify;\">\n<li><strong>Abwechslung:<\/strong> Kein Einsatz ist wie der andere \u2013 von Brandeins\u00e4tzen bis hin zu technischer Hilfeleistung.<\/li>\n<li><strong>Teamgeist:<\/strong> Du wirst Teil einer starken Gemeinschaft, die sich gegenseitig unterst\u00fctzt.<\/li>\n<li><strong>Ausbildung:<\/strong> Wir bieten dir eine umfassende und praxisorientierte Ausbildung \u2013 auch ohne Vorkenntnisse.<\/li>\n<li><strong>Ehrenamt mit Herz:<\/strong> Du leistest einen wichtigen Beitrag f\u00fcr die Sicherheit unserer Gemeinde.<\/li>\n<\/ul>\n<p style=\"text-align: justify;\"><strong>Wer kann mitmachen?<\/strong><\/p>\n<ul style=\"text-align: justify;\">\n<li><strong>Bambinifeuerwehr:<\/strong> F\u00fcr unsere kleinsten Nachwuchskr\u00e4fte bieten wir spannende und altersgerechte Aktivit\u00e4ten, bei denen Kinder ab 6 Jahren spielerisch die Welt der Feuerwehr kennenlernen.<\/li>\n<li><strong>Jugendfeuerwehr:<\/strong> Jugendliche ab 10 Jahren k\u00f6nnen hier erste praktische Erfahrungen sammeln und lernen, was Teamarbeit und Verantwortung bedeuten.<\/li>\n<li><strong>Aktiver Dienst:<\/strong> Frauen und M\u00e4nner ab 16 Jahren, die bereit sind, an Eins\u00e4tzen und \u00dcbungen teilzunehmen.<\/li>\n<li><strong>F\u00f6rdermitgliedschaft:<\/strong> Unterst\u00fctze uns finanziell und trage dazu bei, unsere Ausr\u00fcstung und Ausbildung auf hohem Niveau zu halten.<\/li>\n<\/ul>\n<p style=\"text-align: justify;\"><strong>Wie kannst du Mitglied werden?<\/strong><br \/>Es ist ganz einfach:<\/p>\n<ol style=\"text-align: justify;\">\n<li>Sprich uns an! Besuche uns w\u00e4hrend einer \u00dcbung oder kontaktiere uns \u00fcber die Informationen auf der Kontaktseite.<\/li>\n<li>Wir kl\u00e4ren alle Fragen und zeigen dir, was es hei\u00dft, Teil der Feuerwehr zu sein.<\/li>\n<li>Du entscheidest dich \u2013 und schon geht es los!<\/li>\n<\/ol>\n<p style=\"text-align: justify;\">Sei dabei und werde Teil der Freiwilligen Feuerwehr Altenglan.<\/p>\n<p>[\/et_pb_text][\/et_pb_column][et_pb_column type=&#8220;1_3&#8243; _builder_version=&#8220;4.27.4&#8243; _module_preset=&#8220;default&#8220; background_color=&#8220;#f5f5f5&#8243; custom_padding=&#8220;3em|3em|3em|3em|true|true&#8220; border_radii=&#8220;on|15px|15px|15px|15px&#8220; global_colors_info=&#8220;{}&#8220;][et_pb_blurb title=&#8220;N\u00e4chste Termine&#8220; _builder_version=&#8220;4.27.4&#8243; _module_preset=&#8220;default&#8220; header_font=&#8220;|600|||||||&#8220; header_text_align=&#8220;center&#8220; header_line_height=&#8220;2em&#8220; body_line_height=&#8220;1em&#8220; custom_padding=&#8220;1em|1em|1em|1em|true|true&#8220; border_width_all=&#8220;2px&#8220; border_color_all=&#8220;#dbdbdb&#8220; global_colors_info=&#8220;{}&#8220;]\n<section class=\" ics-calendar layout-basic stickymonths\" id=\"r69faac9e1d3ad53\" style=\"opacity: 1;\">\n\n\t\t\t<article class=\"ics-calendar-basic-wrapper\">\n\n\t\t\t\n\t\t\t<ul class=\"events r34ics-basic-events\">\n\t\t\t\t\t\t\t\t\t\n\t\t\t\t\t\t\t\t\t\t<li class=\"event t190000\" data-dow=\"4\" data-wknum=\"19\" data-rel2today=\"future\" data-feed-key=\"0\">\n\t\t\t\t\t\t\t\t\t\t\t<div class=\"date\"><span data-date-format=\"l\">Donnerstag<\/span> <span data-date-format=\"j\">7<\/span> <span data-date-format=\"F\">Mai<\/span><\/div>\n\n\t\t\t\t\t\t\t\t\t\t\t<div class=\"event-info\">\n\t\t\t\t\t\t\t\t\t\t\t\t\t\t\t\t\t\t\t\t\t\t\t\t\t<div class=\"time\">\n\t\t\t\t\t\t\t\t\t\t\t\t\t\t<span class=\"start_time\">19:00<\/span>\n\t\t\t\t\t\t\t\t\t\t\t\t\t\t\t\t\t\t\t\t\t\t\t\t\t\t\t\t\t<span class=\"end_time\">&#8211; 21:00<\/span>\n\t\t\t\t\t\t\t\t\t\t\t\t\t\t\t\t\t\t\t\t\t\t\t\t\t\t\t\t<\/div>\n\t\t\t\t\t\t\t\t\t\t\t\t\t<div class=\"title\">\u00dcbung<\/div>\t\t\t\t\t\t\t\t\t\t\t<\/div>\n\t\t\t\t\t\t\t\t\t\t\n\t\t\t\t\t\t\t\t\t\t<\/li>\n\n\t\t\t\t\t\t\t\t\t\t\t\t\t\t\t\n\t\t\t\t\t\t\t\t\t\t<li class=\"event t190000\" data-dow=\"4\" data-wknum=\"21\" data-rel2today=\"future\" data-feed-key=\"0\">\n\t\t\t\t\t\t\t\t\t\t\t<div class=\"date\"><span data-date-format=\"l\">Donnerstag<\/span> <span data-date-format=\"j\">21<\/span> <span data-date-format=\"F\">Mai<\/span><\/div>\n\n\t\t\t\t\t\t\t\t\t\t\t<div class=\"event-info\">\n\t\t\t\t\t\t\t\t\t\t\t\t\t\t\t\t\t\t\t\t\t\t\t\t\t<div class=\"time\">\n\t\t\t\t\t\t\t\t\t\t\t\t\t\t<span class=\"start_time\">19:00<\/span>\n\t\t\t\t\t\t\t\t\t\t\t\t\t\t\t\t\t\t\t\t\t\t\t\t\t\t\t\t\t<span class=\"end_time\">&#8211; 21:00<\/span>\n\t\t\t\t\t\t\t\t\t\t\t\t\t\t\t\t\t\t\t\t\t\t\t\t\t\t\t\t<\/div>\n\t\t\t\t\t\t\t\t\t\t\t\t\t<div class=\"title\">\u00dcbung<\/div>\t\t\t\t\t\t\t\t\t\t\t<\/div>\n\t\t\t\t\t\t\t\t\t\t\n\t\t\t\t\t\t\t\t\t\t<\/li>\n\n\t\t\t\t\t\t\t\t\t\t\t\t\t<\/ul>\n\t\t<\/article>\n\n\t\t\n<\/section>\n[\/et_pb_blurb][et_pb_blurb title=&#8220;Katwarn&#8220; _builder_version=&#8220;4.27.4&#8243; _module_preset=&#8220;default&#8220; header_font=&#8220;|600|||||||&#8220; header_text_align=&#8220;center&#8220; header_line_height=&#8220;2em&#8220; body_line_height=&#8220;1em&#8220; custom_padding=&#8220;1em|1em|1em|1em|true|true&#8220; border_width_all=&#8220;2px&#8220; border_color_all=&#8220;#dbdbdb&#8220; global_colors_info=&#8220;{}&#8220;]<a href=\"https:\/\/warnungen.katwarn.de\/\" target=\"_blank\" rel=\"noopener noreferrer\"><img decoding=\"async\" style=\"display: block; margin-left: auto; margin-right: auto;\" src=\"https:\/\/warnungen.katwarn.de\/widget\/kus_box.png\" alt=\"Katwarn Warnungen\" \/><\/a>[\/et_pb_blurb][et_pb_blurb title=&#8220;Wetterwarnungen&#8220; _builder_version=&#8220;4.27.4&#8243; _module_preset=&#8220;default&#8220; header_font=&#8220;|600|||||||&#8220; header_text_align=&#8220;center&#8220; header_line_height=&#8220;2em&#8220; body_line_height=&#8220;1em&#8220; custom_padding=&#8220;1em|1em|1em|1em|true|true&#8220; border_width_all=&#8220;2px&#8220; border_color_all=&#8220;#dbdbdb&#8220; global_colors_info=&#8220;{}&#8220;]<\/p>\n<p><img decoding=\"async\" src=\"https:\/\/www.dwd.de\/DWD\/warnungen\/warnapp_gemeinden\/json\/warnungen_gemeinde_map_rps.png\" \/><\/p>\n<p>[\/et_pb_blurb][\/et_pb_column][\/et_pb_row][\/et_pb_section]<\/p>\n","protected":false},"excerpt":{"rendered":"<p>Du suchst nach einer spannenden Herausforderung, m\u00f6chtest etwas Sinnvolles tun und Teil eines starken Teams werden? Dann bist du bei uns genau richtig! Die Freiwillige Feuerwehr Altenglan sucht engagierte Menschen, die bereit sind, Verantwortung zu \u00fcbernehmen und sich f\u00fcr die Sicherheit unserer Mitb\u00fcrger einzusetzen. Warum solltest du Mitglied werden? Abwechslung: Kein Einsatz ist wie der [&hellip;]<\/p>\n","protected":false},"author":1,"featured_media":0,"parent":0,"menu_order":0,"comment_status":"closed","ping_status":"closed","template":"","meta":{"_et_pb_use_builder":"on","_et_pb_old_content":"<!-- wp:divi\/placeholder \/-->","_et_gb_content_width":"","footnotes":""},"class_list":["post-1320","page","type-page","status-publish","hentry"],"_links":{"self":[{"href":"https:\/\/www.feuerwehr-altenglan.de\/index.php?rest_route=\/wp\/v2\/pages\/1320","targetHints":{"allow":["GET"]}}],"collection":[{"href":"https:\/\/www.feuerwehr-altenglan.de\/index.php?rest_route=\/wp\/v2\/pages"}],"about":[{"href":"https:\/\/www.feuerwehr-altenglan.de\/index.php?rest_route=\/wp\/v2\/types\/page"}],"author":[{"embeddable":true,"href":"https:\/\/www.feuerwehr-altenglan.de\/index.php?rest_route=\/wp\/v2\/users\/1"}],"replies":[{"embeddable":true,"href":"https:\/\/www.feuerwehr-altenglan.de\/index.php?rest_route=%2Fwp%2Fv2%2Fcomments&post=1320"}],"version-history":[{"count":5,"href":"https:\/\/www.feuerwehr-altenglan.de\/index.php?rest_route=\/wp\/v2\/pages\/1320\/revisions"}],"predecessor-version":[{"id":1617,"href":"https:\/\/www.feuerwehr-altenglan.de\/index.php?rest_route=\/wp\/v2\/pages\/1320\/revisions\/1617"}],"wp:attachment":[{"href":"https:\/\/www.feuerwehr-altenglan.de\/index.php?rest_route=%2Fwp%2Fv2%2Fmedia&parent=1320"}],"curies":[{"name":"wp","href":"https:\/\/api.w.org\/{rel}","templated":true}]}}