{"id":132,"date":"2019-11-24T15:34:59","date_gmt":"2019-11-24T15:34:59","guid":{"rendered":"http:\/\/website.feuerwehr-altenglan.de\/?page_id=132"},"modified":"2025-03-07T18:39:59","modified_gmt":"2025-03-07T17:39:59","slug":"feuerwache","status":"publish","type":"page","link":"https:\/\/www.feuerwehr-altenglan.de\/?page_id=132","title":{"rendered":"Feuerwache"},"content":{"rendered":"<p>[et_pb_section fb_built=&#8220;1&#8243; _builder_version=&#8220;4.16&#8243; custom_padding=&#8220;0px||0px||false|false&#8220; global_colors_info=&#8220;{}&#8220;][et_pb_row column_structure=&#8220;2_3,1_3&#8243; _builder_version=&#8220;4.27.4&#8243; _module_preset=&#8220;default&#8220; width=&#8220;100%&#8220; max_width=&#8220;80%&#8220; module_alignment=&#8220;center&#8220; global_colors_info=&#8220;{}&#8220;][et_pb_column type=&#8220;2_3&#8243; _builder_version=&#8220;4.27.4&#8243; _module_preset=&#8220;default&#8220; background_color=&#8220;#f5f5f5&#8243; custom_padding=&#8220;3em|3em|3em|3em|true|true&#8220; border_radii=&#8220;on|15px|15px|15px|15px&#8220; global_colors_info=&#8220;{}&#8220;][et_pb_heading title=&#8220;Unsere Feuerwache&#8220; _builder_version=&#8220;4.27.4&#8243; _module_preset=&#8220;default&#8220; title_text_align=&#8220;center&#8220; global_colors_info=&#8220;{}&#8220;][\/et_pb_heading][et_pb_text _builder_version=&#8220;4.27.4&#8243; _module_preset=&#8220;default&#8220; global_colors_info=&#8220;{}&#8220;]<\/p>\n<p style=\"text-align: justify;\">Die Feuerwache der Freiwilligen Feuerwehr Altenglan ist der zentrale Ort, an dem alle Aktivit\u00e4ten rund um Eins\u00e4tze, Ausbildung und Kameradschaft zusammenkommen. Unsere moderne Wache bietet eine Vielzahl an Bereichen, die perfekt auf die Anforderungen des Feuerwehralltags abgestimmt sind.<\/p>\n<p style=\"text-align: justify;\"><strong>Ein \u00dcberblick \u00fcber die verschiedenen Bereiche unserer Feuerwache:<\/strong><\/p>\n<ul style=\"text-align: justify;\">\n<li><strong>Feuerwehreinsatzzentrale (FEZ):<\/strong> Das Herzst\u00fcck der Einsatzleitung, von wo aus alle Eins\u00e4tze der gesamten Verbandsgemeinde koordiniert werden.<\/li>\n<li><strong>Fahrzeughalle:<\/strong> Hier sind unsere Einsatzfahrzeuge untergebracht und jederzeit startbereit.<\/li>\n<li><strong>Umkleide:<\/strong> Der Bereich, in dem sich unsere Feuerwehrleute auf Eins\u00e4tze vorbereiten.<\/li>\n<li><strong>Lager:<\/strong> Hier bewahren wir unsere Ausr\u00fcstung und Materialien sicher auf.<\/li>\n<li><strong>Schlauchwerkstatt:<\/strong> F\u00fcr die Wartung und Instandhaltung unserer Schl\u00e4uche bestens ausgestattet.<\/li>\n<li><strong>Schwarzbereich:<\/strong> Hier werden die kontaminierten Atemschutzger\u00e4te in Einzelteile zerlegt und gereinigt bevor sie in den Wei\u00dfbereich der Atemschutzwerkstatt kommen.<\/li>\n<li><strong>Atemschutzwerkstatt:<\/strong> Ein spezialisierter Bereich f\u00fcr die Pflege und Pr\u00fcfung unserer Atemschutzger\u00e4te.<\/li>\n<li><strong>KFZ-Werkstatt:<\/strong> Hier k\u00fcmmern wir uns um die Wartung und Reparatur unserer Einsatzfahrzeuge.<\/li>\n<li><strong>Aufenthaltsraum:<\/strong> Ein Raum f\u00fcr Erholung und Austausch unter den Kameraden.<\/li>\n<li><strong>Schulungsraum:<\/strong> F\u00fcr Aus- und Weiterbildungen sowie Besprechungen bestens ausgestattet.<\/li>\n<li><strong>Jugendfeuerwehr:<\/strong> Hier wird der Nachwuchs trainiert und auf den aktiven Dienst vorbereitet.<\/li>\n<li><strong>K\u00fcche:<\/strong> Zur Versorgung der Mannschaft bei langen Eins\u00e4tzen oder Veranstaltungen.<\/li>\n<\/ul>\n<p style=\"text-align: justify;\">In unserer Galerie finden Sie Bilder zu den einzelnen Bereichen. Erkunden Sie unsere Feuerwache und entdecken Sie, wie wir uns auf jeden Einsatz vorbereiten!<\/p>\n<p>[\/et_pb_text][et_pb_gallery gallery_ids=&#8220;1726,1947,1946,1163,1161,1944,1945,1159,1157,1942,1943,1160&#8243; posts_number=&#8220;2&#8243; _builder_version=&#8220;4.27.4&#8243; _module_preset=&#8220;default&#8220; hover_enabled=&#8220;0&#8243; global_colors_info=&#8220;{}&#8220; sticky_enabled=&#8220;0&#8243;][\/et_pb_gallery][\/et_pb_column][et_pb_column type=&#8220;1_3&#8243; _builder_version=&#8220;4.27.4&#8243; _module_preset=&#8220;default&#8220; background_color=&#8220;#f5f5f5&#8243; custom_padding=&#8220;3em|3em|3em|3em|true|true&#8220; border_radii=&#8220;on|15px|15px|15px|15px&#8220; global_colors_info=&#8220;{}&#8220;][et_pb_blurb title=&#8220;N\u00e4chste Termine&#8220; _builder_version=&#8220;4.27.4&#8243; _module_preset=&#8220;default&#8220; header_font=&#8220;|600|||||||&#8220; header_text_align=&#8220;center&#8220; header_line_height=&#8220;2em&#8220; body_line_height=&#8220;1em&#8220; custom_padding=&#8220;1em|1em|1em|1em|true|true&#8220; border_width_all=&#8220;2px&#8220; border_color_all=&#8220;#dbdbdb&#8220; global_colors_info=&#8220;{}&#8220;]\n<section class=\" ics-calendar layout-basic stickymonths\" id=\"r69decb7b9a22046\" style=\"opacity: 1;\">\n\n\t\t\t<article class=\"ics-calendar-basic-wrapper\">\n\n\t\t\t\n\t\t\t<ul class=\"events r34ics-basic-events\">\n\t\t\t\t\t\t\t\t\t\n\t\t\t\t\t\t\t\t\t\t<li class=\"event t190000\" data-dow=\"4\" data-wknum=\"16\" data-rel2today=\"future\" data-feed-key=\"0\">\n\t\t\t\t\t\t\t\t\t\t\t<div class=\"date\"><span data-date-format=\"l\">Donnerstag<\/span> <span data-date-format=\"j\">16<\/span> <span data-date-format=\"F\">April<\/span><\/div>\n\n\t\t\t\t\t\t\t\t\t\t\t<div class=\"event-info\">\n\t\t\t\t\t\t\t\t\t\t\t\t\t\t\t\t\t\t\t\t\t\t\t\t\t<div class=\"time\">\n\t\t\t\t\t\t\t\t\t\t\t\t\t\t<span class=\"start_time\">19:00<\/span>\n\t\t\t\t\t\t\t\t\t\t\t\t\t\t\t\t\t\t\t\t\t\t\t\t\t\t\t\t\t<span class=\"end_time\">&#8211; 21:00<\/span>\n\t\t\t\t\t\t\t\t\t\t\t\t\t\t\t\t\t\t\t\t\t\t\t\t\t\t\t\t<\/div>\n\t\t\t\t\t\t\t\t\t\t\t\t\t<div class=\"title\">\u00dcbung<\/div>\t\t\t\t\t\t\t\t\t\t\t<\/div>\n\t\t\t\t\t\t\t\t\t\t\n\t\t\t\t\t\t\t\t\t\t<\/li>\n\n\t\t\t\t\t\t\t\t\t\t\t\t\t\t\t\n\t\t\t\t\t\t\t\t\t\t<li class=\"event t190000\" data-dow=\"4\" data-wknum=\"17\" data-rel2today=\"future\" data-feed-key=\"0\">\n\t\t\t\t\t\t\t\t\t\t\t<div class=\"date\"><span data-date-format=\"l\">Donnerstag<\/span> <span data-date-format=\"j\">23<\/span> <span data-date-format=\"F\">April<\/span><\/div>\n\n\t\t\t\t\t\t\t\t\t\t\t<div class=\"event-info\">\n\t\t\t\t\t\t\t\t\t\t\t\t\t\t\t\t\t\t\t\t\t\t\t\t\t<div class=\"time\">\n\t\t\t\t\t\t\t\t\t\t\t\t\t\t<span class=\"start_time\">19:00<\/span>\n\t\t\t\t\t\t\t\t\t\t\t\t\t\t\t\t\t\t\t\t\t\t\t\t\t\t\t\t\t<span class=\"end_time\">&#8211; 21:00<\/span>\n\t\t\t\t\t\t\t\t\t\t\t\t\t\t\t\t\t\t\t\t\t\t\t\t\t\t\t\t<\/div>\n\t\t\t\t\t\t\t\t\t\t\t\t\t<div class=\"title\">\u00dcbung<\/div>\t\t\t\t\t\t\t\t\t\t\t<\/div>\n\t\t\t\t\t\t\t\t\t\t\n\t\t\t\t\t\t\t\t\t\t<\/li>\n\n\t\t\t\t\t\t\t\t\t\t\t\t\t<\/ul>\n\t\t<\/article>\n\n\t\t\n<\/section>\n[\/et_pb_blurb][et_pb_blurb title=&#8220;Katwarn&#8220; _builder_version=&#8220;4.27.4&#8243; _module_preset=&#8220;default&#8220; header_font=&#8220;|600|||||||&#8220; header_text_align=&#8220;center&#8220; header_line_height=&#8220;2em&#8220; body_line_height=&#8220;1em&#8220; custom_padding=&#8220;1em|1em|1em|1em|true|true&#8220; border_width_all=&#8220;2px&#8220; border_color_all=&#8220;#dbdbdb&#8220; global_colors_info=&#8220;{}&#8220;]<a href=\"https:\/\/warnungen.katwarn.de\/\" target=\"_blank\" rel=\"noopener noreferrer\"><img decoding=\"async\" style=\"display: block; margin-left: auto; margin-right: auto;\" src=\"https:\/\/warnungen.katwarn.de\/widget\/kus_box.png\" alt=\"Katwarn Warnungen\" \/><\/a>[\/et_pb_blurb][et_pb_blurb title=&#8220;Wetterwarnungen&#8220; _builder_version=&#8220;4.27.4&#8243; _module_preset=&#8220;default&#8220; header_font=&#8220;|600|||||||&#8220; header_text_align=&#8220;center&#8220; header_line_height=&#8220;2em&#8220; body_line_height=&#8220;1em&#8220; custom_padding=&#8220;1em|1em|1em|1em|true|true&#8220; border_width_all=&#8220;2px&#8220; border_color_all=&#8220;#dbdbdb&#8220; global_colors_info=&#8220;{}&#8220;]<\/p>\n<p><img decoding=\"async\" src=\"https:\/\/www.dwd.de\/DWD\/warnungen\/warnapp_gemeinden\/json\/warnungen_gemeinde_map_rps.png\" \/><\/p>\n<p>[\/et_pb_blurb][\/et_pb_column][\/et_pb_row][\/et_pb_section]<\/p>\n","protected":false},"excerpt":{"rendered":"<p>Die Feuerwache der Freiwilligen Feuerwehr Altenglan ist der zentrale Ort, an dem alle Aktivit\u00e4ten rund um Eins\u00e4tze, Ausbildung und Kameradschaft zusammenkommen. Unsere moderne Wache bietet eine Vielzahl an Bereichen, die perfekt auf die Anforderungen des Feuerwehralltags abgestimmt sind. Ein \u00dcberblick \u00fcber die verschiedenen Bereiche unserer Feuerwache: Feuerwehreinsatzzentrale (FEZ): Das Herzst\u00fcck der Einsatzleitung, von wo aus [&hellip;]<\/p>\n","protected":false},"author":1,"featured_media":0,"parent":0,"menu_order":0,"comment_status":"closed","ping_status":"closed","template":"","meta":{"_et_pb_use_builder":"on","_et_pb_old_content":"<!-- wp:divi\/placeholder \/-->","_et_gb_content_width":"","footnotes":""},"class_list":["post-132","page","type-page","status-publish","hentry"],"_links":{"self":[{"href":"https:\/\/www.feuerwehr-altenglan.de\/index.php?rest_route=\/wp\/v2\/pages\/132","targetHints":{"allow":["GET"]}}],"collection":[{"href":"https:\/\/www.feuerwehr-altenglan.de\/index.php?rest_route=\/wp\/v2\/pages"}],"about":[{"href":"https:\/\/www.feuerwehr-altenglan.de\/index.php?rest_route=\/wp\/v2\/types\/page"}],"author":[{"embeddable":true,"href":"https:\/\/www.feuerwehr-altenglan.de\/index.php?rest_route=\/wp\/v2\/users\/1"}],"replies":[{"embeddable":true,"href":"https:\/\/www.feuerwehr-altenglan.de\/index.php?rest_route=%2Fwp%2Fv2%2Fcomments&post=132"}],"version-history":[{"count":10,"href":"https:\/\/www.feuerwehr-altenglan.de\/index.php?rest_route=\/wp\/v2\/pages\/132\/revisions"}],"predecessor-version":[{"id":1949,"href":"https:\/\/www.feuerwehr-altenglan.de\/index.php?rest_route=\/wp\/v2\/pages\/132\/revisions\/1949"}],"wp:attachment":[{"href":"https:\/\/www.feuerwehr-altenglan.de\/index.php?rest_route=%2Fwp%2Fv2%2Fmedia&parent=132"}],"curies":[{"name":"wp","href":"https:\/\/api.w.org\/{rel}","templated":true}]}}